{"id":14,"date":"2019-01-04T11:47:58","date_gmt":"2019-01-04T11:47:58","guid":{"rendered":"https:\/\/dev.strandhotel-buckow.de\/?page_id=14"},"modified":"2024-12-17T00:11:00","modified_gmt":"2024-12-16T22:11:00","slug":"allgemeine-geschaeftsbedingungen","status":"publish","type":"page","link":"https:\/\/strandhotel-buckow.de\/en\/allgemeine-geschaeftsbedingungen\/","title":{"rendered":"Allgemeine Gesch\u00e4ftsbedingungen"},"content":{"rendered":"<div class=\"wpb-content-wrapper\"><div  data-delay=\"0\" class=\"vc_row wpb_row vc_row-fluid\"><div class=\"wpb_column vc_column_container vc_col-sm-12\" data-delay=\"0\"><div class=\"vc_column-inner\"><div class=\"wpb_wrapper\"><h1 style=\"text-align: left;font-family:Lora;font-weight:700;font-style:normal\" class=\"vc_custom_heading\" >Allgemeine Gesch\u00e4ftsbedingungen f\u00fcr den Hotelaufnahmevertrag und das Restaurant<\/h1><h2 style=\"text-align: left;font-family:Lora;font-weight:400;font-style:normal\" class=\"vc_custom_heading\" >I. Geltungsbereich<\/h2>\r\n\t<div class=\"wpb_text_column wpb_content_element\" >\r\n\t\t<div class=\"wpb_wrapper\">\r\n\t\t\t<p>1. Diese Gesch\u00e4ftsbedingungen gelten f\u00fcr Vertr\u00e4ge \u00fcber die mietweise \u00dcberlassung von Hotelzimmern zur Beherbergung, sowie alle f\u00fcr den Kunden erbrachten weiteren Leistungen und Lieferungen des Hotels und Restaurant.<\/p>\n<p>2. Die Unter- oder Weitervermietung der \u00fcberlassenen Zimmer sowie deren Nutzung zu anderen als Beherbergungszwecken bed\u00fcrfen der vorherigen schriftlichen Zustimmung des Hotels, wobei \u00a7 540 Absatz 1 Satz 2 BGB abbedungen wird, soweit der Kunde nicht Verbraucher ist.<\/p>\n<p>3. Gesch\u00e4ftsbedingungen des Kunden finden nur Anwendung, wenn dies vorher ausdr\u00fccklich schriftlich vereinbart wurde.<\/p>\n\r\n\t\t<\/div>\r\n\t<\/div>\r\n<div id=\"1548315678990-6882a0cf-26d8\" class=\"dt-sc-empty-space\"><\/div><h2 style=\"text-align: left;font-family:Lora;font-weight:400;font-style:normal\" class=\"vc_custom_heading\" >II. Vertragsabschlu\u00df, -partner, Verj\u00e4hrung<\/h2>\r\n\t<div class=\"wpb_text_column wpb_content_element\" >\r\n\t\t<div class=\"wpb_wrapper\">\r\n\t\t\t<p>1. Der Vertrag kommt durch die Annahme des Antrags des Kunden durch das Hotel zustande. Dem Hotel steht es frei, die Zimmer- und die Restaurantbuchung schriftlich zu best\u00e4tigen.<\/p>\n<p>2. Vertragspartner sind das Hotel und der Kunde. Hat ein Dritter f\u00fcr den Kunden bestellt, haftet er dem Hotel gegen\u00fcber zusammen mit dem Kunden als Gesamtschuldner f\u00fcr alle Verpflichtungen aus dem Hotelaufnahmevertrag, sofern dem Hotel eine entsprechende Erkl\u00e4rung des Dritten vorliegt.<\/p>\n\r\n\t\t<\/div>\r\n\t<\/div>\r\n<div id=\"1620167208920-c26e739a-8e3b\" class=\"dt-sc-empty-space\"><\/div><h2 style=\"text-align: left;font-family:Lora;font-weight:400;font-style:normal\" class=\"vc_custom_heading\" >III. Leistungen, Preise, Zahlung, Aufrechnung<\/h2>\r\n\t<div class=\"wpb_text_column wpb_content_element\" >\r\n\t\t<div class=\"wpb_wrapper\">\r\n\t\t\t<p>1. Das Hotel ist verpflichtet, die vom Kunden gebuchten Zimmer bereitzuhalten und die vereinbarten Leistungen zu erbringen.<\/p>\n<p>2. Der Kunde ist verpflichtet, die f\u00fcr die Zimmer\u00fcberlassung und die von ihm in Anspruch genommenen weiteren Leistungen geltenden bzw. vereinbarten Preise des Hotels zu zahlen. Dies gilt auch f\u00fcr vom Kunden veranlasste Leistungen und Auslagen des Hotels an Dritte.<\/p>\n<p>3. Die vereinbarten Preise schlie\u00dfen die jeweilige gesetzliche Mehrwertsteuer ein. \u00dcberschreitet der Zeitraum zwischen Vertragsabschlu\u00df und Vertragserf\u00fcllung vier Monate und erh\u00f6ht sich der vom Hotel allgemein f\u00fcr derartige Leistungen berechnete Preis, so kann dieses den vertraglich vereinbarten Preis angemessen anheben.<\/p>\n<p>4. Rechnungen des Hotels ohne F\u00e4lligkeitsdatum sind binnen 10 Tagen ab Zugang der Rechnung ohne Abzug zahlbar. Das Hotel ist berechtigt, aufgelaufene Forderungen jederzeit f\u00e4llig zu stellen und unverz\u00fcgliche Zahlung zu verlangen. Bei Zahlungsverzug ist das Hotel berechtigt, die jeweils geltenden gesetzlichen Verzugszinsen in H\u00f6he von derzeit 8% bzw. bei Rechtsgesch\u00e4ften, an denen ein Verbraucher beteiligt ist, in H\u00f6he von 5% \u00fcber dem Basiszinssatz zu verlangen. Dem Hotel bleibt der Nachweis eines h\u00f6heren Schadens vorbehalten.<\/p>\n<p>5. Das Hotel ist berechtigt, bei Vertragsschluss oder danach, unter Ber\u00fccksichtigung der rechtlichen Bestimmungen f\u00fcr Pauschalreisen, eine angemessene Vorauszahlung oder Sicherheitsleistung zu verlangen. Die H\u00f6he der Vorauszahlung und die Zahlungstermine k\u00f6nnen im Vertrag schriftlich vereinbart werden.<\/p>\n\r\n\t\t<\/div>\r\n\t<\/div>\r\n<div id=\"1620167251686-40cc53c6-9958\" class=\"dt-sc-empty-space\"><\/div><h2 style=\"text-align: left;font-family:Lora;font-weight:400;font-style:normal\" class=\"vc_custom_heading\" >IV. R\u00fccktritt des Kunden (i. e. Abbestellung, Stornierung) \/<br \/>\nNichtinanspruchnahme der Leistungen des Hotels (No Show)<\/h2>\r\n\t<div class=\"wpb_text_column wpb_content_element\" >\r\n\t\t<div class=\"wpb_wrapper\">\r\n\t\t\t<p>1. Ein R\u00fccktritt des Kunden von dem mit dem Hotel geschlossenen Vertrag bedarf der schriftlichen Zustimmung des Hotels. Erfolgt diese nicht, so ist der vereinbarte Preis aus dem Vertrag auch dann zu zahlen, wenn der Kunde vertragliche Leistungen nicht in Anspruch nimmt.<\/p>\n<p>2. Die kostenfreie Stornierung ist bis zu 7 Tagen und bei den Reservierungen ab 3 Zimmer bis zu 21 Tagen vor der gebuchten Anreise m\u00f6glich. Die Stornierung hat jeweils bis 12:00 Uhr zu erfolgen, wobei die Ortszeit des Hotels gilt.<br \/>\nBei Nichtanreise werden 80% der Kosten des jeweiligen Gesamtpreises als Stornogeb\u00fchren berechnet und Ihnen in Rechnung gestellt. Alle \u00c4nderungen m\u00fcssen schriftlich erfolgen (per E-Mail oder Fax).<br \/>\nDas R\u00fccktrittsrecht des Kunden erlischt, wenn er nicht bis zum vereinbarten Termin sein Recht zum R\u00fccktritt schriftlich gegen\u00fcber dem Hotel aus\u00fcbt.<br \/>\nUm die Stornogeb\u00fchren zu vermeiden, empfehlen wir Ihnen eine Reiser\u00fccktrittsversicherung abzuschlie\u00dfen.<\/p>\n<p>3. Dem Hotel steht es frei, die vertraglich vereinbarte Verg\u00fctung zu verlangen und den Abzug f\u00fcr ersparte Aufwendungen zu pauschalieren.<\/p>\n\r\n\t\t<\/div>\r\n\t<\/div>\r\n<div id=\"1620167163384-ca7fbbbf-b29d\" class=\"dt-sc-empty-space\"><\/div><h2 style=\"text-align: left;font-family:Lora;font-weight:400;font-style:normal\" class=\"vc_custom_heading\" >V. R\u00fccktritt des Hotels<\/h2>\r\n\t<div class=\"wpb_text_column wpb_content_element\" >\r\n\t\t<div class=\"wpb_wrapper\">\r\n\t\t\t<p>1. Sofern ein kostenfreies R\u00fccktrittsrecht des Kunden innerhalb einer bestimmten Frist m\u00f6glich ist, ist das Hotel in diesem Zeitraum seinerseits berechtigt, vom Vertrag zur\u00fcckzutreten, wenn Anfragen anderer Kunden nach den vertraglich gebuchten Zimmern vorliegen.<\/p>\n<p>2. Wird eine vereinbarte oder oben gem\u00e4\u00df III Ziffer 6 verlangte Vorauszahlung auch nach Verstreichen einer vom Hotel gesetzten angemessenen Nachfrist nicht geleistet, so ist das Hotel ebenfalls zum R\u00fccktritt vom Vertrag berechtigt.<\/p>\n<p>3. Ferner ist das Hotel berechtigt, aus sachlich gerechtfertigtem Grund vom Vertrag au\u00dferordentlich zur\u00fcckzutreten, beispielsweise falls<br \/>\n\u2022 h\u00f6here Gewalt oder andere vom Hotel nicht zu vertretende Umst\u00e4nde die Erf\u00fcllung des Vertrages unm\u00f6glich machen;<br \/>\n\u2022 Zimmer unter irref\u00fchrender oder falscher Angabe wesentlicher Tatsachen, z.B. in der Person des Kunden oder des Zwecks, gebucht werden;<br \/>\n\u2022 das Hotel begr\u00fcndeten Anlass zu der Annahme hat, dass die Inanspruchnahme der Hotelleistung den reibungslosen Gesch\u00e4ftsbetrieb, die Sicherheit oder das Ansehen des Hotels in der \u00d6ffentlichkeit gef\u00e4hrden kann, ohne dass dies dem Herrschafts- bzw. Organisationsbereich des Hotels zuzurechnen ist.<br \/>\n\u2022 ein Versto\u00df gegen oben I. Ziffer 2 vorliegt.<\/p>\n<p>4. Bei berechtigtem R\u00fccktritt des Hotels entsteht kein Anspruch des Kunden auf Schadensersatz.<\/p>\n\r\n\t\t<\/div>\r\n\t<\/div>\r\n<div id=\"1620167334325-92e86a22-1f0d\" class=\"dt-sc-empty-space\"><\/div><h2 style=\"text-align: left;font-family:Lora;font-weight:400;font-style:normal\" class=\"vc_custom_heading\" >VI. Zimmerbereitstellung, -\u00fcbergabe und -r\u00fcckgabe \/<br \/>\nSpeisen und Getr\u00e4nke<\/h2>\r\n\t<div class=\"wpb_text_column wpb_content_element\" >\r\n\t\t<div class=\"wpb_wrapper\">\r\n\t\t\t<p>1. Der Kunde erwirbt keinen Anspruch auf die Bereitstellung bestimmter Zimmer.<\/p>\n<p>2. Gebuchte Zimmer stehen dem Kunden ab 14.00 Uhr des vereinbarten Anreisetages zur Verf\u00fcgung. Der Kunde hat keinen Anspruch auf fr\u00fchere Bereitstellung.<\/p>\n<p>3. Am vereinbarten Abreisetag sind die Zimmer dem Hotel sp\u00e4testens um 11.00 Uhr ger\u00e4umt zur Verf\u00fcgung zu stellen. Danach kann das Hotel aufgrund der versp\u00e4teten R\u00e4umung des Zimmers f\u00fcr dessen vertrags\u00fcberschreitende Nutzung bis 18.00 Uhr 50% des vollen Logispreises (Listenpreises) in Rechnung stellen, ab 18.00 Uhr 100%. Vertragliche Anspr\u00fcche des Kunden werden hierdurch nicht begr\u00fcndet.<\/p>\n<p>4. Das Fr\u00fchst\u00fcck kann nur in den daf\u00fcr vorgesehenen R\u00e4umlichkeiten des \u00f6ffentlichen Bereiches (Fr\u00fchst\u00fccksraum) eingenommen werden.<br \/>\nDie Mitnahme von angebotenen Fr\u00fchst\u00fccksbestandteilen(Speisen und Getr\u00e4nke) ist untersagt.<\/p>\n\r\n\t\t<\/div>\r\n\t<\/div>\r\n<div id=\"1620167431128-df6d8091-abd1\" class=\"dt-sc-empty-space\"><\/div><h2 style=\"text-align: left;font-family:Lora;font-weight:400;font-style:normal\" class=\"vc_custom_heading\" >VII. Haftung<\/h2>\r\n\t<div class=\"wpb_text_column wpb_content_element\" >\r\n\t\t<div class=\"wpb_wrapper\">\r\n\t\t\t<p class=\"nitro-offscreen\">1. Das Hotel haftet mit der Sorgfalt eines ordentlichen Kaufmanns f\u00fcr seine Verpflichtungen aus dem Vertrag. Anspr\u00fcche des Kunden auf Schadensersatz sind ausgeschlossen. Sollten St\u00f6rungen oder M\u00e4ngel an den Leistungen des Hotels auftreten, wird das Hotel bei Kenntnis oder auf unverz\u00fcgliche R\u00fcge des Kunden bem\u00fcht sein, f\u00fcr Abhilfe zu sorgen. Der Kunde ist verpflichtet, das ihm Zumutbare beizutragen, um die St\u00f6rung zu beheben und einen m\u00f6glichen Schaden gering zu halten.<\/p>\n<p class=\"nitro-offscreen\">2. Das Hotel \u00fcbernimmt grunds\u00e4tzlich keinerlei Haftung f\u00fcr mitgebrachtes Gep\u00e4ck (einschlie\u00dflich Wertsachen und Bargeld) des Gastes.<\/p>\n<p class=\"nitro-offscreen\">3. Soweit dem Kunden ein Stellplatz oder auf einem Hotelparkplatz, zur Verf\u00fcgung gestellt wird, kommt dadurch kein Verwahrungsvertrag zustande. Bei Abhandenkommen oder Besch\u00e4digung auf dem Hotelgrundst\u00fcck abgestellter oder rangierter Kraftfahrzeuge und deren Inhalte haftet das Hotel nicht.<\/p>\n<p class=\"nitro-offscreen\">4. Weckauftr\u00e4ge werden vom Hotel nicht ausgef\u00fchrt. Nachrichten, Post und Warensendungen f\u00fcr die G\u00e4ste werden mit Sorgfalt behandelt. Aufbewahrung und \u2013 auf Wunsch \u2013 gegen Entgelt die Nachsendung derselben. Vorstehende Ziffer 1 S\u00e4tze 2 bis 4 gelten entsprechend.<\/p>\n<p class=\"nitro-offscreen\">5. Der Hotel- bzw. der Restaurantgast haftet f\u00fcr alle Sch\u00e4den an Geb\u00e4ude oder Inventar, die durch ihn bzw. Besucher, Mitarbeiter, sonstige Dritte aus seiner Sph\u00e4re oder ihm selbst verursacht werden.<br \/>\nDie Kosten werden dem Hotel- bzw. Restaurantgast in der Rechnung gestellt und sind sofort zur Zahlung f\u00e4llig.<br \/>\nDas Hotel beh\u00e4lt sich das Recht vor, die als Garantie angegebene Kreditkarte, in H\u00f6he des entstandenen Schadens zu belasten.<\/p>\n<p class=\"nitro-offscreen\">6. Das Hotel bietet ausschlie\u00dflich Nichtraucher-Zimmer an. Im gesamten Hotel ist das Rauchen und die Verwendung jeglicher Rauchwaren nicht gestattet. Der Kunde akzeptiert und respektiert mit seiner Buchung diese Bestimmung. Bei Zuwiderhandlung gegen diese Bestimmung ist das Hotel berechtigt, eine sofort f\u00e4llige Vertragsstrafe in H\u00f6he von 150,00 \u20ac zu berechnen zzgl. eventueller Reinigungs- und Ausfallkosten bei der anschlie\u00dfenden Weitervermietung. Ungeachtet dessen ist das Hotel berechtigt den mit dem Kunden geschlossenen Behebungsvertrag einseitig, fristlos zu k\u00fcndigen bzw. bei Bedarf ein Hausverbot zu erteilen, wobei die gesamte vereinbarte Buchungssumme sofort f\u00e4llig wird. Das Hotel beh\u00e4lt sich bei Uneinsichtigkeit des Gastes bzw. im Wiederholungsfall vor, unverz\u00fcglich vom Vertrag zur\u00fcck zu treten.<\/p>\n\r\n\t\t<\/div>\r\n\t<\/div>\r\n<div id=\"1620167384057-9c1f238f-12f0\" class=\"dt-sc-empty-space\"><\/div><h2 style=\"text-align: left;font-family:Lora;font-weight:400;font-style:normal\" class=\"vc_custom_heading\" >VIII. Schlussbestimmungen<\/h2>\r\n\t<div class=\"wpb_text_column wpb_content_element\" >\r\n\t\t<div class=\"wpb_wrapper\">\r\n\t\t\t<p>1. \u00c4nderungen oder Erg\u00e4nzungen des Vertrags, der Antragsannahme oder dieser Gesch\u00e4ftsbedingungen f\u00fcr die Hotelaufnahme sollen schriftlich erfolgen. Einseitige \u00c4nderungen oder Erg\u00e4nzungen durch den Kunden sind unwirksam.<\/p>\n<p>2. Erf\u00fcllungs- und Zahlungsort ist der Sitz des Hotels.<\/p>\n<p>3. Ausschlie\u00dflicher Gerichtsstand \u2013 auch f\u00fcr Scheck- und Wechselstreitigkeiten \u2013 ist im kaufm\u00e4nnischen Verkehr der Sitz des Hotels. Sofern ein Vertragspartner die Voraussetzung des \u00a7 38 Absatz 2 ZPO erf\u00fcllt und keinen allgemeinen Gerichtsstand im Inland hat, gilt als Gerichtsstand der Sitz des Hotels.<\/p>\n<p>4. Es gilt deutsches Recht. Die Anwendung des UN-Kaufrechts und des Kollisionsrechts ist ausgeschlossen.<\/p>\n<p>5. Sollten einzelne Bestimmungen dieser Allgemeinen Gesch\u00e4ftsbedingungen f\u00fcr die Hotelaufnahme unwirksam oder nichtig sein oder werden, so wird dadurch die Wirksamkeit der \u00fcbrigen Bestimmungen nicht ber\u00fchrt. Im \u00fcbrigen gelten die gesetzlichen Vorschriften.<\/p>\n\r\n\t\t<\/div>\r\n\t<\/div>\r\n<div id=\"1620167286984-bb4509d5-706e\" class=\"dt-sc-empty-space\"><\/div><\/div><\/div><\/div><\/div>\n<\/div>","protected":false},"excerpt":{"rendered":"Allgemeine Gesch\u00e4ftsbedingungen f\u00fcr den Hotelaufnahmevertrag und das RestaurantI. Geltungsbereich 1. Diese Gesch\u00e4ftsbedingungen gelten f\u00fcr Vertr\u00e4ge \u00fcber die mietweise \u00dcberlassung von Hotelzimmern zur Beherbergung, sowie alle f\u00fcr den Kunden erbrachten weiteren Leistungen und Lieferungen des Hotels und Restaurant. 2. Die Unter- oder Weitervermietung der \u00fcberlassenen Zimmer sowie deren Nutzung zu anderen als Beherbergungszwecken bed\u00fcrfen der vorherigen [...]","protected":false},"author":1,"featured_media":0,"parent":0,"menu_order":0,"comment_status":"closed","ping_status":"closed","template":"","meta":{"footnotes":""},"class_list":["post-14","page","type-page","status-publish","hentry"],"_links":{"self":[{"href":"https:\/\/strandhotel-buckow.de\/en\/wp-json\/wp\/v2\/pages\/14"}],"collection":[{"href":"https:\/\/strandhotel-buckow.de\/en\/wp-json\/wp\/v2\/pages"}],"about":[{"href":"https:\/\/strandhotel-buckow.de\/en\/wp-json\/wp\/v2\/types\/page"}],"author":[{"embeddable":true,"href":"https:\/\/strandhotel-buckow.de\/en\/wp-json\/wp\/v2\/users\/1"}],"replies":[{"embeddable":true,"href":"https:\/\/strandhotel-buckow.de\/en\/wp-json\/wp\/v2\/comments?post=14"}],"version-history":[{"count":5,"href":"https:\/\/strandhotel-buckow.de\/en\/wp-json\/wp\/v2\/pages\/14\/revisions"}],"predecessor-version":[{"id":18583,"href":"https:\/\/strandhotel-buckow.de\/en\/wp-json\/wp\/v2\/pages\/14\/revisions\/18583"}],"wp:attachment":[{"href":"https:\/\/strandhotel-buckow.de\/en\/wp-json\/wp\/v2\/media?parent=14"}],"curies":[{"name":"wp","href":"https:\/\/api.w.org\/{rel}","templated":true}]}}