{"id":16402,"date":"2019-01-30T05:40:52","date_gmt":"2019-01-30T05:40:52","guid":{"rendered":"https:\/\/dev.strandhotel-buckow.de\/?page_id=16402"},"modified":"2026-04-06T09:59:07","modified_gmt":"2026-04-06T07:59:07","slug":"blog","status":"publish","type":"page","link":"https:\/\/strandhotel-buckow.de\/en\/blog\/","title":{"rendered":"Blog"},"content":{"rendered":"<div class=\"wpb-content-wrapper\"><div  data-delay=\"0\" class=\"vc_row wpb_row vc_row-fluid\"><div class=\"wpb_column vc_column_container vc_col-sm-12\" data-delay=\"0\"><div class=\"vc_column-inner\"><div class=\"wpb_wrapper\"><div id=\"1548826920571-5ffce627-22a9\" class=\"dt-sc-empty-space\"><\/div><div class=\"dt-sc-posts-list-wrapper  wpb_animate_when_almost_visible wpb_fadeIn fadeIn\" data-delay=\"0\"><div class='tpl-blog-holder apply-equal-height'><div class='grid-sizer column dt-sc-one-third dt-sc-post-entry entry-grid-layout dt-sc-boxed-style  dt-sc-scalein-hover dt-sc-default-overlay alignleft'><\/div><div class=\"column dt-sc-one-third dt-sc-post-entry entry-grid-layout dt-sc-boxed-style  dt-sc-scalein-hover dt-sc-default-overlay alignleft first\"><article id=\"post-18858\" class=\"blog-entry format-standard post-18858 post type-post status-publish has-post-thumbnail hentry category-blog tag-buckow-wanderungen tag-maerkische-schweiz-wandern tag-naturpark-buckow tag-schermuetzelsee-wanderwege\">\t\t\t<!-- Featured Image -->\r\n\t\t\t<div class=\"entry-thumb\">\r\n\t\t\t\t\t\t<a href=\"https:\/\/strandhotel-buckow.de\/en\/die-schoensten-wanderungen-rund-um-buckow-natur-erleben-in-der-maerkischen-schweiz\/\" title=\"Permalink to Die sch\u00f6nsten Wanderungen rund um Buckow \u2013 Natur erleben in der M\u00e4rkischen Schweiz\">\r\n\t\t\t<img loading=\"lazy\" decoding=\"async\" width=\"570\" height=\"380\" src=\"https:\/\/strandhotel-buckow.de\/wp-content\/uploads\/2024\/11\/brandenburg-50525_1280-570x380.jpg\" class=\"attachment-tejal-blog-iii-column size-tejal-blog-iii-column wp-post-image\" alt=\"\" srcset=\"https:\/\/strandhotel-buckow.de\/wp-content\/uploads\/2024\/11\/brandenburg-50525_1280-570x380.jpg 570w, https:\/\/strandhotel-buckow.de\/wp-content\/uploads\/2024\/11\/brandenburg-50525_1280-750x500.jpg 750w, https:\/\/strandhotel-buckow.de\/wp-content\/uploads\/2024\/11\/brandenburg-50525_1280-600x400.jpg 600w\" sizes=\"(max-width: 570px) 100vw, 570px\" \/>\t\t<\/a>\r\n                \t\t\t<\/div><!-- Featured Image -->\r\n        <!-- Entry Title -->\r\n        <div class=\"entry-title\">\r\n        \t\r\n\t<h4>\r\n\t        \t<a href=\"https:\/\/strandhotel-buckow.de\/en\/die-schoensten-wanderungen-rund-um-buckow-natur-erleben-in-der-maerkischen-schweiz\/\" title=\"Permalink to Die sch\u00f6nsten Wanderungen rund um Buckow \u2013 Natur erleben in der M\u00e4rkischen Schweiz\">Die sch\u00f6nsten Wanderungen rund um Buckow \u2013 Natur erleben in der M\u00e4rkischen Schweiz<\/a>\r\n\t<\/h4>        <\/div><!-- Entry Title --><\/article><\/div><div class=\"column dt-sc-one-third dt-sc-post-entry entry-grid-layout dt-sc-boxed-style  dt-sc-scalein-hover dt-sc-default-overlay alignleft\"><article id=\"post-18903\" class=\"blog-entry format-standard post-18903 post type-post status-publish has-post-thumbnail hentry category-blog tag-brecht-weigel-haus tag-buckow-sehenswuerdigkeiten tag-buckow-tipps tag-maerkische-schweiz-ausflugsziele\">\t\t\t<!-- Featured Image -->\r\n\t\t\t<div class=\"entry-thumb\">\r\n\t\t\t\t\t\t<a href=\"https:\/\/strandhotel-buckow.de\/en\/sehenswuerdigkeiten-in-buckow-die-besten-ausflugsziele-in-der-maerkischen-schweiz\/\" title=\"Permalink to Sehensw\u00fcrdigkeiten in Buckow \u2013 Die besten Ausflugsziele in der M\u00e4rkischen Schweiz\">\r\n\t\t\t<img loading=\"lazy\" decoding=\"async\" width=\"570\" height=\"380\" src=\"https:\/\/strandhotel-buckow.de\/wp-content\/uploads\/2024\/12\/header-1-570x380.jpeg\" class=\"attachment-tejal-blog-iii-column size-tejal-blog-iii-column wp-post-image\" alt=\"\" srcset=\"https:\/\/strandhotel-buckow.de\/wp-content\/uploads\/2024\/12\/header-1-570x380.jpeg 570w, https:\/\/strandhotel-buckow.de\/wp-content\/uploads\/2024\/12\/header-1-750x500.jpeg 750w, https:\/\/strandhotel-buckow.de\/wp-content\/uploads\/2024\/12\/header-1-600x400.jpeg 600w\" sizes=\"(max-width: 570px) 100vw, 570px\" \/>\t\t<\/a>\r\n                \t\t\t<\/div><!-- Featured Image -->\r\n        <!-- Entry Title -->\r\n        <div class=\"entry-title\">\r\n        \t\r\n\t<h4>\r\n\t        \t<a href=\"https:\/\/strandhotel-buckow.de\/en\/sehenswuerdigkeiten-in-buckow-die-besten-ausflugsziele-in-der-maerkischen-schweiz\/\" title=\"Permalink to Sehensw\u00fcrdigkeiten in Buckow \u2013 Die besten Ausflugsziele in der M\u00e4rkischen Schweiz\">Sehensw\u00fcrdigkeiten in Buckow \u2013 Die besten Ausflugsziele in der M\u00e4rkischen Schweiz<\/a>\r\n\t<\/h4>        <\/div><!-- Entry Title --><\/article><\/div><div class=\"column dt-sc-one-third dt-sc-post-entry entry-grid-layout dt-sc-boxed-style  dt-sc-scalein-hover dt-sc-default-overlay alignleft\"><article id=\"post-18937\" class=\"blog-entry format-standard post-18937 post type-post status-publish has-post-thumbnail hentry category-blog tag-buckow-wochenende tag-maerkische-schweiz-kurzurlaub tag-schermuetzelsee-urlaub tag-wellness-brandenburg\">\t\t\t<!-- Featured Image -->\r\n\t\t\t<div class=\"entry-thumb\">\r\n\t\t\t\t\t\t<a href=\"https:\/\/strandhotel-buckow.de\/en\/wochenende-in-buckow-tipps-fuer-2-perfekte-tage-in-der-maerkischen-schweiz\/\" title=\"Permalink to Wochenende in Buckow \u2013 Tipps f\u00fcr 2 perfekte Tage in der M\u00e4rkischen Schweiz\">\r\n\t\t\t<img loading=\"lazy\" decoding=\"async\" width=\"570\" height=\"380\" src=\"https:\/\/strandhotel-buckow.de\/wp-content\/uploads\/2024\/11\/brandenburg-50525_1280-570x380.jpg\" class=\"attachment-tejal-blog-iii-column size-tejal-blog-iii-column wp-post-image\" alt=\"\" srcset=\"https:\/\/strandhotel-buckow.de\/wp-content\/uploads\/2024\/11\/brandenburg-50525_1280-570x380.jpg 570w, https:\/\/strandhotel-buckow.de\/wp-content\/uploads\/2024\/11\/brandenburg-50525_1280-750x500.jpg 750w, https:\/\/strandhotel-buckow.de\/wp-content\/uploads\/2024\/11\/brandenburg-50525_1280-600x400.jpg 600w\" sizes=\"(max-width: 570px) 100vw, 570px\" \/>\t\t<\/a>\r\n                \t\t\t<\/div><!-- Featured Image -->\r\n        <!-- Entry Title -->\r\n        <div class=\"entry-title\">\r\n        \t\r\n\t<h4>\r\n\t        \t<a href=\"https:\/\/strandhotel-buckow.de\/en\/wochenende-in-buckow-tipps-fuer-2-perfekte-tage-in-der-maerkischen-schweiz\/\" title=\"Permalink to Wochenende in Buckow \u2013 Tipps f\u00fcr 2 perfekte Tage in der M\u00e4rkischen Schweiz\">Wochenende in Buckow \u2013 Tipps f\u00fcr 2 perfekte Tage in der M\u00e4rkischen Schweiz<\/a>\r\n\t<\/h4>        <\/div><!-- Entry Title --><\/article><\/div><div class=\"column dt-sc-one-third dt-sc-post-entry entry-grid-layout dt-sc-boxed-style  dt-sc-scalein-hover dt-sc-default-overlay alignleft first\"><article id=\"post-18836\" class=\"blog-entry format-standard post-18836 post type-post status-publish has-post-thumbnail hentry category-blog tag-kurort-in-brandenburg tag-mentale-kraft-im-strandhotel-buckow tag-wellness-am-schermuetzelsee\">\t\t\t<!-- Featured Image -->\r\n\t\t\t<div class=\"entry-thumb\">\r\n\t\t\t\t\t\t<a href=\"https:\/\/strandhotel-buckow.de\/en\/wellness-am-schermuetzelsee-mentale-kraft-im-strandhotel-buckow\/\" title=\"Permalink to Wellness am Scherm\u00fctzelsee: Mentale Kraft im Strandhotel Buckow\">\r\n\t\t\t<img loading=\"lazy\" decoding=\"async\" width=\"570\" height=\"380\" src=\"https:\/\/strandhotel-buckow.de\/wp-content\/uploads\/2024\/11\/FullSizeRender-570x380.jpg\" class=\"attachment-tejal-blog-iii-column size-tejal-blog-iii-column wp-post-image\" alt=\"\" srcset=\"https:\/\/strandhotel-buckow.de\/wp-content\/uploads\/2024\/11\/FullSizeRender-570x380.jpg 570w, https:\/\/strandhotel-buckow.de\/wp-content\/uploads\/2024\/11\/FullSizeRender-750x500.jpg 750w, https:\/\/strandhotel-buckow.de\/wp-content\/uploads\/2024\/11\/FullSizeRender-600x400.jpg 600w\" sizes=\"(max-width: 570px) 100vw, 570px\" \/>\t\t<\/a>\r\n                \t\t\t<\/div><!-- Featured Image -->\r\n        <!-- Entry Title -->\r\n        <div class=\"entry-title\">\r\n        \t\r\n\t<h4>\r\n\t        \t<a href=\"https:\/\/strandhotel-buckow.de\/en\/wellness-am-schermuetzelsee-mentale-kraft-im-strandhotel-buckow\/\" title=\"Permalink to Wellness am Scherm\u00fctzelsee: Mentale Kraft im Strandhotel Buckow\">Wellness am Scherm\u00fctzelsee: Mentale Kraft im Strandhotel Buckow<\/a>\r\n\t<\/h4>        <\/div><!-- Entry Title --><\/article><\/div><div class=\"column dt-sc-one-third dt-sc-post-entry entry-grid-layout dt-sc-boxed-style  dt-sc-scalein-hover dt-sc-default-overlay alignleft\"><article id=\"post-17960\" class=\"blog-entry format-standard post-17960 post type-post status-publish has-post-thumbnail hentry category-blog tag-kneipkurort tag-kneipp-kurort tag-kurort-buckow tag-kurort-in-brandenburg tag-kurstadt-buckow\">\t\t\t<!-- Featured Image -->\r\n\t\t\t<div class=\"entry-thumb\">\r\n\t\t\t\t\t\t<a href=\"https:\/\/strandhotel-buckow.de\/en\/eroeffnung-des-neubaus-mit-wellnessoase\/\" title=\"Permalink to Er\u00f6ffnung des Neubaus mit Wellnessoase\">\r\n\t\t\t<img loading=\"lazy\" decoding=\"async\" width=\"570\" height=\"380\" src=\"https:\/\/strandhotel-buckow.de\/wp-content\/uploads\/2024\/11\/Schwimmbad-Strandhotel-Buckow-570x380.jpeg\" class=\"attachment-tejal-blog-iii-column size-tejal-blog-iii-column wp-post-image\" alt=\"Schwimmbad Strandhotel Buckow\" srcset=\"https:\/\/strandhotel-buckow.de\/wp-content\/uploads\/2024\/11\/Schwimmbad-Strandhotel-Buckow-570x380.jpeg 570w, https:\/\/strandhotel-buckow.de\/wp-content\/uploads\/2024\/11\/Schwimmbad-Strandhotel-Buckow-18x12.jpeg 18w, https:\/\/strandhotel-buckow.de\/wp-content\/uploads\/2024\/11\/Schwimmbad-Strandhotel-Buckow-750x500.jpeg 750w, https:\/\/strandhotel-buckow.de\/wp-content\/uploads\/2024\/11\/Schwimmbad-Strandhotel-Buckow-600x400.jpeg 600w\" sizes=\"(max-width: 570px) 100vw, 570px\" \/>\t\t<\/a>\r\n                \t\t\t<\/div><!-- Featured Image -->\r\n        <!-- Entry Title -->\r\n        <div class=\"entry-title\">\r\n        \t\r\n\t<h4>\r\n\t        \t<a href=\"https:\/\/strandhotel-buckow.de\/en\/eroeffnung-des-neubaus-mit-wellnessoase\/\" title=\"Permalink to Er\u00f6ffnung des Neubaus mit Wellnessoase\">Opening of the new building with wellness oasis<\/a>\r\n\t<\/h4>        <\/div><!-- Entry Title --><\/article><\/div><div class=\"column dt-sc-one-third dt-sc-post-entry entry-grid-layout dt-sc-boxed-style  dt-sc-scalein-hover dt-sc-default-overlay alignleft\"><article id=\"post-17854\" class=\"blog-entry format-standard post-17854 post type-post status-publish has-post-thumbnail hentry category-blog tag-kneipkurort tag-kneipp-kurort tag-kurort-buckow tag-kurort-in-brandenburg tag-kurstadt-buckow\">\t\t\t<!-- Featured Image -->\r\n\t\t\t<div class=\"entry-thumb\">\r\n\t\t\t\t\t\t<a href=\"https:\/\/strandhotel-buckow.de\/en\/der-kneippkurort-buckow-balsam-fuer-die-seele\/\" title=\"Permalink to Der Kneippkurort Buckow \u2013 Balsam f\u00fcr die Seele\">\r\n\t\t\t<img loading=\"lazy\" decoding=\"async\" width=\"570\" height=\"380\" src=\"https:\/\/strandhotel-buckow.de\/wp-content\/uploads\/2021\/05\/DSC_0021-3-e1568116354537-570x380.jpg\" class=\"attachment-tejal-blog-iii-column size-tejal-blog-iii-column wp-post-image\" alt=\"Rund um den Scherm\u00fctzelsee\" srcset=\"https:\/\/strandhotel-buckow.de\/wp-content\/uploads\/2021\/05\/DSC_0021-3-e1568116354537-570x380.jpg 570w, https:\/\/strandhotel-buckow.de\/wp-content\/uploads\/2021\/05\/DSC_0021-3-e1568116354537-300x199.jpg 300w, https:\/\/strandhotel-buckow.de\/wp-content\/uploads\/2021\/05\/DSC_0021-3-e1568116354537-768x510.jpg 768w, https:\/\/strandhotel-buckow.de\/wp-content\/uploads\/2021\/05\/DSC_0021-3-e1568116354537-16x12.jpg 16w, https:\/\/strandhotel-buckow.de\/wp-content\/uploads\/2021\/05\/DSC_0021-3-e1568116354537-750x500.jpg 750w, https:\/\/strandhotel-buckow.de\/wp-content\/uploads\/2021\/05\/DSC_0021-3-e1568116354537-600x400.jpg 600w, https:\/\/strandhotel-buckow.de\/wp-content\/uploads\/2021\/05\/DSC_0021-3-e1568116354537-540x359.jpg 540w, https:\/\/strandhotel-buckow.de\/wp-content\/uploads\/2021\/05\/DSC_0021-3-e1568116354537.jpg 900w\" sizes=\"(max-width: 570px) 100vw, 570px\" \/>\t\t<\/a>\r\n                \t\t\t<\/div><!-- Featured Image -->\r\n        <!-- Entry Title -->\r\n        <div class=\"entry-title\">\r\n        \t\r\n\t<h4>\r\n\t        \t<a href=\"https:\/\/strandhotel-buckow.de\/en\/der-kneippkurort-buckow-balsam-fuer-die-seele\/\" title=\"Permalink to Der Kneippkurort Buckow \u2013 Balsam f\u00fcr die Seele\">The Kneipp spa Buckow - balm for the soul<\/a>\r\n\t<\/h4>        <\/div><!-- Entry Title --><\/article><\/div><\/div><div class=\"pagination blog-pagination\"><\/div><\/div><div id=\"1548826939338-7fc14fc6-b390\" class=\"dt-sc-empty-space\"><\/div><\/div><\/div><\/div><\/div>\n<\/div>","protected":false},"excerpt":{"rendered":"Die Bezeichnung \u201eKneippkurort\u201c ist ein Pr\u00e4dikat f\u00fcr Kurorte, welche in Deutschland vergeben wird. Um diese Bezeichnung zu erhalten, m\u00fcssen die Orte in der Lage sein, Wasserkuren nach Sebastian Kneipp, dem herausragenden Hydrotherapeut und Naturheilkundler, durchzuf\u00fchren. Die Kurstadt Buckow ist solch ein bezaubernder Ort. Die Kneippsche Gesundheitslehre basiert auf f\u00fcnf S\u00e4ulen \u2013 dem Wasser, der Ern\u00e4hrung, [...]","protected":false},"author":1,"featured_media":0,"parent":0,"menu_order":0,"comment_status":"closed","ping_status":"closed","template":"","meta":{"footnotes":""},"class_list":["post-16402","page","type-page","status-publish","hentry"],"_links":{"self":[{"href":"https:\/\/strandhotel-buckow.de\/en\/wp-json\/wp\/v2\/pages\/16402"}],"collection":[{"href":"https:\/\/strandhotel-buckow.de\/en\/wp-json\/wp\/v2\/pages"}],"about":[{"href":"https:\/\/strandhotel-buckow.de\/en\/wp-json\/wp\/v2\/types\/page"}],"author":[{"embeddable":true,"href":"https:\/\/strandhotel-buckow.de\/en\/wp-json\/wp\/v2\/users\/1"}],"replies":[{"embeddable":true,"href":"https:\/\/strandhotel-buckow.de\/en\/wp-json\/wp\/v2\/comments?post=16402"}],"version-history":[{"count":9,"href":"https:\/\/strandhotel-buckow.de\/en\/wp-json\/wp\/v2\/pages\/16402\/revisions"}],"predecessor-version":[{"id":18928,"href":"https:\/\/strandhotel-buckow.de\/en\/wp-json\/wp\/v2\/pages\/16402\/revisions\/18928"}],"wp:attachment":[{"href":"https:\/\/strandhotel-buckow.de\/en\/wp-json\/wp\/v2\/media?parent=16402"}],"curies":[{"name":"wp","href":"https:\/\/api.w.org\/{rel}","templated":true}]}}