{"id":17838,"date":"2021-05-05T00:10:41","date_gmt":"2021-05-04T22:10:41","guid":{"rendered":"https:\/\/dev.strandhotel-buckow.de\/?page_id=17838"},"modified":"2024-11-27T23:57:59","modified_gmt":"2024-11-27T21:57:59","slug":"busreisen-maerkische-schweiz","status":"publish","type":"page","link":"https:\/\/strandhotel-buckow.de\/en\/busreisen-maerkische-schweiz\/","title":{"rendered":"Busreisen M\u00e4rkische Schweiz"},"content":{"rendered":"<div class=\"wpb-content-wrapper\"><div  data-delay=\"0\" class=\"vc_row wpb_row vc_row-fluid\"><div class=\"wpb_column vc_column_container vc_col-sm-6\" data-delay=\"0\"><div class=\"vc_column-inner\"><div class=\"wpb_wrapper\"><div id=\"1621375548620-808e9884-5726\" class=\"dt-sc-empty-space\"><\/div><div class='dt-sc-title with-two-border' data-delay='0'><h4>At the request of numerous travel companies, meeting places, senior groups, companies and clubs, we have also digitized the current bus tour catalog for you.<\/h4><\/div>\r\n\t<div class=\"wpb_text_column wpb_content_element\" >\r\n\t\t<div class=\"wpb_wrapper\">\r\n\t\t\t<p>In anticipation of your registrations, we will be happy to help you create a customized program for your members and visitors to M\u00e4rkische Schweiz or send you extensive brochure material free of charge in advance.<\/p>\n\r\n\t\t<\/div>\r\n\t<\/div>\r\n\r\n\t<div class=\"wpb_text_column wpb_content_element\" >\r\n\t\t<div class=\"wpb_wrapper\">\r\n\t\t\t<p>We look forward to seeing you again in the Kneipp spa town of Buckow in M\u00e4rkische Schweiz!<\/p>\n\r\n\t\t<\/div>\r\n\t<\/div>\r\n\r\n\t<div class=\"wpb_text_column wpb_content_element\" >\r\n\t\t<div class=\"wpb_wrapper\">\r\n\t\t\t<p>Your team at the Strandhotel Buckow wishes you pleasant travel preparations and always satisfied travel guests.<\/p>\n\r\n\t\t<\/div>\r\n\t<\/div>\r\n<a href='\/wp-content\/uploads\/2024\/11\/Busreisen-Maerkische-Schweiz-Strandhotel-Buckow.pdf' target='_blank' title='' class='dt-sc-button   large   filled' data-delay='0' > Brochure Bus Tours M\u00e4rkische Schweiz <\/a><\/div><\/div><\/div><div class=\"wpb_column vc_column_container vc_col-sm-6\" data-delay=\"0\"><div class=\"vc_column-inner\"><div class=\"wpb_wrapper\"><div class='dt-sc-title with-image with-sub-title aligncenter'><h3><\/h3><h2>Bus tours through M\u00e4rkische Schweiz<\/h2><p><img loading=\"lazy\" decoding=\"async\" width=\"30\" height=\"32\" src=\"https:\/\/strandhotel-buckow.de\/wp-content\/uploads\/2021\/04\/title-icon-img.png\" class=\"attachment-full\" alt=\"\" title=\"title-icon-img\" srcset=\"https:\/\/strandhotel-buckow.de\/wp-content\/uploads\/2021\/04\/title-icon-img.png 30w, https:\/\/strandhotel-buckow.de\/wp-content\/uploads\/2021\/04\/title-icon-img-11x12.png 11w\" sizes=\"(max-width: 30px) 100vw, 30px\" \/><\/p><\/div>\n\t<div  class=\"wpb_single_image wpb_content_element vc_align_center\">\n\t\t\n\t\t<figure class=\"wpb_wrapper vc_figure\">\n\t\t\t<div class=\"vc_single_image-wrapper   vc_box_border_grey\"><img loading=\"lazy\" decoding=\"async\" width=\"1632\" height=\"1632\" src=\"https:\/\/strandhotel-buckow.de\/wp-content\/uploads\/2024\/11\/B11514F4-026A-4C3D-AB93-382FA9B9B88D.jpg\" class=\"vc_single_image-img attachment-full\" alt=\"Busreisen M\u00e4rkische Schweiz\" title=\"Busreisen M\u00e4rkische Schweiz\" srcset=\"https:\/\/strandhotel-buckow.de\/wp-content\/uploads\/2024\/11\/B11514F4-026A-4C3D-AB93-382FA9B9B88D.jpg 1632w, https:\/\/strandhotel-buckow.de\/wp-content\/uploads\/2024\/11\/B11514F4-026A-4C3D-AB93-382FA9B9B88D-300x300.jpg 300w, https:\/\/strandhotel-buckow.de\/wp-content\/uploads\/2024\/11\/B11514F4-026A-4C3D-AB93-382FA9B9B88D-1024x1024.jpg 1024w, https:\/\/strandhotel-buckow.de\/wp-content\/uploads\/2024\/11\/B11514F4-026A-4C3D-AB93-382FA9B9B88D-150x150.jpg 150w, https:\/\/strandhotel-buckow.de\/wp-content\/uploads\/2024\/11\/B11514F4-026A-4C3D-AB93-382FA9B9B88D-768x768.jpg 768w, https:\/\/strandhotel-buckow.de\/wp-content\/uploads\/2024\/11\/B11514F4-026A-4C3D-AB93-382FA9B9B88D-1536x1536.jpg 1536w, https:\/\/strandhotel-buckow.de\/wp-content\/uploads\/2024\/11\/B11514F4-026A-4C3D-AB93-382FA9B9B88D-12x12.jpg 12w, https:\/\/strandhotel-buckow.de\/wp-content\/uploads\/2024\/11\/B11514F4-026A-4C3D-AB93-382FA9B9B88D-450x450.jpg 450w, https:\/\/strandhotel-buckow.de\/wp-content\/uploads\/2024\/11\/B11514F4-026A-4C3D-AB93-382FA9B9B88D-420x420.jpg 420w, https:\/\/strandhotel-buckow.de\/wp-content\/uploads\/2024\/11\/B11514F4-026A-4C3D-AB93-382FA9B9B88D-750x750.jpg 750w, https:\/\/strandhotel-buckow.de\/wp-content\/uploads\/2024\/11\/B11514F4-026A-4C3D-AB93-382FA9B9B88D-540x540.jpg 540w\" sizes=\"(max-width: 1632px) 100vw, 1632px\" \/><\/div>\n\t\t<\/figure>\n\t<\/div>\n<\/div><\/div><\/div><div class=\"wpb_column vc_column_container vc_col-sm-12\" data-delay=\"0\"><div class=\"vc_column-inner\"><div class=\"wpb_wrapper\"><div id=\"1621554212411-693133a9-1a85\" class=\"dt-sc-empty-space\"><\/div><\/div><\/div><\/div><\/div>\n<\/div>","protected":false},"excerpt":{"rendered":"Auf Wunsch zahlreicher Reiseunternehmen, Begegnungsst\u00e4tten, Seniorengruppen, Firmen und Vereine haben wir auch f\u00fcr Sie den aktuellen Busreisekatalog digitalisiert. In Erwartung Ihrer Anmeldungen helfen wir Ihnen gerne, eine wunschgem\u00e4\u00dfe Programmgestaltung f\u00fcr Ihre Mitglieder und Besucher in die M\u00e4rkische Schweiz zu erstellen bzw. vorab umfangreiches Prospektmaterial kostenlos zu senden. Wir freuen uns auf ein Wiedersehen im Kneippkurort [...]","protected":false},"author":1,"featured_media":0,"parent":0,"menu_order":0,"comment_status":"closed","ping_status":"closed","template":"","meta":{"footnotes":""},"class_list":["post-17838","page","type-page","status-publish","hentry"],"_links":{"self":[{"href":"https:\/\/strandhotel-buckow.de\/en\/wp-json\/wp\/v2\/pages\/17838"}],"collection":[{"href":"https:\/\/strandhotel-buckow.de\/en\/wp-json\/wp\/v2\/pages"}],"about":[{"href":"https:\/\/strandhotel-buckow.de\/en\/wp-json\/wp\/v2\/types\/page"}],"author":[{"embeddable":true,"href":"https:\/\/strandhotel-buckow.de\/en\/wp-json\/wp\/v2\/users\/1"}],"replies":[{"embeddable":true,"href":"https:\/\/strandhotel-buckow.de\/en\/wp-json\/wp\/v2\/comments?post=17838"}],"version-history":[{"count":48,"href":"https:\/\/strandhotel-buckow.de\/en\/wp-json\/wp\/v2\/pages\/17838\/revisions"}],"predecessor-version":[{"id":18357,"href":"https:\/\/strandhotel-buckow.de\/en\/wp-json\/wp\/v2\/pages\/17838\/revisions\/18357"}],"wp:attachment":[{"href":"https:\/\/strandhotel-buckow.de\/en\/wp-json\/wp\/v2\/media?parent=17838"}],"curies":[{"name":"wp","href":"https:\/\/api.w.org\/{rel}","templated":true}]}}