{"id":17898,"date":"2021-05-15T08:56:30","date_gmt":"2021-05-15T06:56:30","guid":{"rendered":"https:\/\/dev.strandhotel-buckow.de\/?page_id=17898"},"modified":"2025-01-19T20:40:00","modified_gmt":"2025-01-19T18:40:00","slug":"wellness-spa-kneipp","status":"publish","type":"page","link":"https:\/\/strandhotel-buckow.de\/en\/wellness-spa-kneipp\/","title":{"rendered":"Wellness, Spa &#038; Kneipp"},"content":{"rendered":"<div class=\"wpb-content-wrapper\"><div  data-delay=\"0\" class=\"vc_row wpb_row vc_row-fluid\"><div class=\"wpb_column vc_column_container vc_col-sm-12\" data-delay=\"0\"><div class=\"vc_column-inner\"><div class=\"wpb_wrapper\"><div id=\"1621065362204-5c802a0b-0cbf\" class=\"dt-sc-empty-space\"><\/div><div class='dt-sc-title with-image with-sub-title aligncenter'><h3><\/h3><h2>Wellness, Spa &amp; Kneipp<\/h2><p><img loading=\"lazy\" decoding=\"async\" width=\"30\" height=\"32\" src=\"https:\/\/strandhotel-buckow.de\/wp-content\/uploads\/2021\/04\/title-icon-img.png\" class=\"attachment-full\" alt=\"\" title=\"title-icon-img\" srcset=\"https:\/\/strandhotel-buckow.de\/wp-content\/uploads\/2021\/04\/title-icon-img.png 30w, https:\/\/strandhotel-buckow.de\/wp-content\/uploads\/2021\/04\/title-icon-img-11x12.png 11w\" sizes=\"(max-width: 30px) 100vw, 30px\" \/><\/p><\/div><h3 style=\"text-align: center;font-family:Lora;font-weight:400;font-style:normal\" class=\"vc_custom_heading\" >Relaxation for body and soul - our massage offers<\/h3><div id=\"1547621006041-76f40478-9fe3\" class=\"dt-sc-empty-space\"><\/div>\r\n\t<div class=\"wpb_text_column wpb_content_element\" >\r\n\t\t<div class=\"wpb_wrapper\">\r\n\t\t\t<p style=\"text-align: center;\">Let your soul dangle, take a gentle trip for body and soul. Our new wellness oasis awaits you, nestled in the most beautiful natural surroundings, directly on the shores of Lake Scherm\u00fctzel. In the state-approved Kneipp health resort of Buckow, you also have the opportunity to experience the vital teachings of Sebastian Kneipp, such as treading water or walking barefoot, at first hand.<\/p>\n\r\n\t\t<\/div>\r\n\t<\/div>\r\n<\/div><\/div><\/div><\/div><div  data-delay=\"0\" class=\"vc_row wpb_row vc_row-fluid\"><div class=\"wpb_column vc_column_container vc_col-sm-12\" data-delay=\"0\"><div class=\"vc_column-inner\"><div class=\"wpb_wrapper\"><div id=\"1547460082516-57898393-56ec\" class=\"dt-sc-empty-space\"><\/div><div class=\"carousel_items dotted-image-caption-carousel\" data-delay=\"0\"><div class=\"dt-sc-carousel-wrapper dt_carousel\" data-visible=\"1\" data-scroll=\"1\" data-auto=\"\" data-animation=\"scroll\"><div class='dt-sc-image-caption type7  icon-headline' data-delay='0'><div class='dt-sc-image-wrapper'><img loading=\"lazy\" decoding=\"async\" width=\"812\" height=\"649\" src=\"https:\/\/strandhotel-buckow.de\/wp-content\/uploads\/2024\/11\/Schwimmbad-Strandhotel-Buckow-Kopie2.jpeg.jpg\" class=\"attachment-full\" alt=\"\" title=\"Schwimmbad Strandhotel Buckow Kopie2.jpeg\" srcset=\"https:\/\/strandhotel-buckow.de\/wp-content\/uploads\/2024\/11\/Schwimmbad-Strandhotel-Buckow-Kopie2.jpeg.jpg 812w, https:\/\/strandhotel-buckow.de\/wp-content\/uploads\/2024\/11\/Schwimmbad-Strandhotel-Buckow-Kopie2.jpeg-300x240.jpg 300w, https:\/\/strandhotel-buckow.de\/wp-content\/uploads\/2024\/11\/Schwimmbad-Strandhotel-Buckow-Kopie2.jpeg-768x614.jpg 768w, https:\/\/strandhotel-buckow.de\/wp-content\/uploads\/2024\/11\/Schwimmbad-Strandhotel-Buckow-Kopie2.jpeg-15x12.jpg 15w, https:\/\/strandhotel-buckow.de\/wp-content\/uploads\/2024\/11\/Schwimmbad-Strandhotel-Buckow-Kopie2.jpeg-150x120.jpg 150w, https:\/\/strandhotel-buckow.de\/wp-content\/uploads\/2024\/11\/Schwimmbad-Strandhotel-Buckow-Kopie2.jpeg-750x599.jpg 750w, https:\/\/strandhotel-buckow.de\/wp-content\/uploads\/2024\/11\/Schwimmbad-Strandhotel-Buckow-Kopie2.jpeg-540x432.jpg 540w, https:\/\/strandhotel-buckow.de\/wp-content\/uploads\/2024\/11\/Schwimmbad-Strandhotel-Buckow-Kopie2.jpeg-420x336.jpg 420w\" sizes=\"(max-width: 812px) 100vw, 812px\" \/><\/div><div class='dt-sc-image-content'><div class='dt-sc-image-title'><h3>Swimming pool<\/h3><\/div>Our spacious swimming pool is the perfect place to harmonize body and mind. Here you can immerse yourself in the refreshing water and recover from the stresses of everyday life. Whether you want to swim a few laps or simply relax in the water.<\/div><\/div><\/div><div class=\"dt-carousel-pagination\"><\/div><\/div><div id=\"1547466535896-bbe3f854-06bd\" class=\"dt-sc-empty-space\"><\/div><\/div><\/div><\/div><\/div><div  data-delay=\"0\" class=\"vc_row wpb_row vc_row-fluid vc_custom_1732062002731 vc_row-o-equal-height vc_row-flex\"><div class=\"wpb_column vc_column_container vc_col-sm-12\" data-delay=\"0\"><div class=\"vc_column-inner vc_custom_1732062079178\"><div class=\"wpb_wrapper\"><div class=\"carousel_items dotted-image-caption-carousel left-align\" data-delay=\"0\"><div class=\"dt-sc-carousel-wrapper dt_carousel\" data-visible=\"1\" data-scroll=\"1\" data-auto=\"\" data-animation=\"none\"><div class='dt-sc-image-caption type7  left-content icon-headline' data-delay='0'><div class='dt-sc-image-wrapper'><img loading=\"lazy\" decoding=\"async\" width=\"2560\" height=\"1920\" src=\"https:\/\/strandhotel-buckow.de\/wp-content\/uploads\/2024\/11\/Sauna-scaled.jpeg\" class=\"attachment-full\" alt=\"Sauna Wellness M\u00e4rkische Schweiz\" title=\"Sauna Wellness M\u00e4rkische Schweiz\" srcset=\"https:\/\/strandhotel-buckow.de\/wp-content\/uploads\/2024\/11\/Sauna-scaled.jpeg 2560w, https:\/\/strandhotel-buckow.de\/wp-content\/uploads\/2024\/11\/Sauna-300x225.jpeg 300w, https:\/\/strandhotel-buckow.de\/wp-content\/uploads\/2024\/11\/Sauna-1024x768.jpeg 1024w, https:\/\/strandhotel-buckow.de\/wp-content\/uploads\/2024\/11\/Sauna-768x576.jpeg 768w, https:\/\/strandhotel-buckow.de\/wp-content\/uploads\/2024\/11\/Sauna-1536x1152.jpeg 1536w, https:\/\/strandhotel-buckow.de\/wp-content\/uploads\/2024\/11\/Sauna-2048x1536.jpeg 2048w, https:\/\/strandhotel-buckow.de\/wp-content\/uploads\/2024\/11\/Sauna-16x12.jpeg 16w, https:\/\/strandhotel-buckow.de\/wp-content\/uploads\/2024\/11\/Sauna-750x562.jpeg 750w, https:\/\/strandhotel-buckow.de\/wp-content\/uploads\/2024\/11\/Sauna-540x405.jpeg 540w\" sizes=\"(max-width: 2560px) 100vw, 2560px\" \/><\/div><div class='dt-sc-image-content'><div class='dt-sc-image-title'><h3>Sauna<\/h3><\/div>The sauna is a true retreat that brings body and mind into harmony. In the midst of the hustle and bustle of everyday life, it offers the perfect opportunity to calm down and recharge your batteries.<\/div><\/div><\/div><\/div><div id=\"1732062214773-041767a1-8130\" class=\"dt-sc-empty-space\"><\/div><\/div><\/div><\/div><\/div><div  data-delay=\"0\" class=\"vc_row wpb_row vc_row-fluid\"><div class=\"wpb_column vc_column_container vc_col-sm-12\" data-delay=\"0\"><div class=\"vc_column-inner\"><div class=\"wpb_wrapper\"><div class=\"carousel_items dotted-image-caption-carousel\" data-delay=\"0\"><div class=\"dt-sc-carousel-wrapper dt_carousel\" data-visible=\"1\" data-scroll=\"1\" data-auto=\"\" data-animation=\"scroll\"><div class='dt-sc-image-caption type7  icon-headline' data-delay='0'><div class='dt-sc-image-wrapper'><img loading=\"lazy\" decoding=\"async\" width=\"2270\" height=\"1703\" src=\"https:\/\/strandhotel-buckow.de\/wp-content\/uploads\/2024\/11\/Ueberwassermassage.jpeg\" class=\"attachment-full\" alt=\"U\u0308berwassermassage Wellness Buckow M\u00e4rkische Schweiz\" title=\"U\u0308berwassermassage Wellness Buckow M\u00e4rkische Schweiz\" srcset=\"https:\/\/strandhotel-buckow.de\/wp-content\/uploads\/2024\/11\/Ueberwassermassage.jpeg 2270w, https:\/\/strandhotel-buckow.de\/wp-content\/uploads\/2024\/11\/Ueberwassermassage-300x225.jpeg 300w, https:\/\/strandhotel-buckow.de\/wp-content\/uploads\/2024\/11\/Ueberwassermassage-1024x768.jpeg 1024w, https:\/\/strandhotel-buckow.de\/wp-content\/uploads\/2024\/11\/Ueberwassermassage-768x576.jpeg 768w, https:\/\/strandhotel-buckow.de\/wp-content\/uploads\/2024\/11\/Ueberwassermassage-1536x1152.jpeg 1536w, https:\/\/strandhotel-buckow.de\/wp-content\/uploads\/2024\/11\/Ueberwassermassage-2048x1536.jpeg 2048w, https:\/\/strandhotel-buckow.de\/wp-content\/uploads\/2024\/11\/Ueberwassermassage-16x12.jpeg 16w, https:\/\/strandhotel-buckow.de\/wp-content\/uploads\/2024\/11\/Ueberwassermassage-750x563.jpeg 750w, https:\/\/strandhotel-buckow.de\/wp-content\/uploads\/2024\/11\/Ueberwassermassage-540x405.jpeg 540w\" sizes=\"(max-width: 2270px) 100vw, 2270px\" \/><\/div><div class='dt-sc-image-content'><div class='dt-sc-image-title'><h3>Above-water massage<\/h3><\/div>The overwater massage relieves tension and helps you to stay fit and relaxed by\nby experiencing a gentle yet intensive massage. Through the targeted use of\nheat and water power, the massage becomes a holistic wellness experience that\nregenerates body and mind.<\/div><\/div><\/div><div class=\"dt-carousel-pagination\"><\/div><\/div><div id=\"1547460178021-324f302c-d7cb\" class=\"dt-sc-empty-space\"><\/div><\/div><\/div><\/div><\/div><div  data-delay=\"0\" class=\"vc_row wpb_row vc_row-fluid vc_custom_1732062002731 vc_row-o-equal-height vc_row-flex\"><div class=\"wpb_column vc_column_container vc_col-sm-12\" data-delay=\"0\"><div class=\"vc_column-inner vc_custom_1732062079178\"><div class=\"wpb_wrapper\"><div class=\"carousel_items dotted-image-caption-carousel left-align\" data-delay=\"0\"><div class=\"dt-sc-carousel-wrapper dt_carousel\" data-visible=\"1\" data-scroll=\"1\" data-auto=\"\" data-animation=\"none\"><div class='dt-sc-image-caption type7  left-content icon-headline' data-delay='0'><div class='dt-sc-image-wrapper'><img loading=\"lazy\" decoding=\"async\" width=\"2560\" height=\"1920\" src=\"https:\/\/strandhotel-buckow.de\/wp-content\/uploads\/2024\/11\/Unterwassermassage-scaled.jpeg\" class=\"attachment-full\" alt=\"\" title=\"Underwater massage\" srcset=\"https:\/\/strandhotel-buckow.de\/wp-content\/uploads\/2024\/11\/Unterwassermassage-scaled.jpeg 2560w, https:\/\/strandhotel-buckow.de\/wp-content\/uploads\/2024\/11\/Unterwassermassage-300x225.jpeg 300w, https:\/\/strandhotel-buckow.de\/wp-content\/uploads\/2024\/11\/Unterwassermassage-1024x768.jpeg 1024w, https:\/\/strandhotel-buckow.de\/wp-content\/uploads\/2024\/11\/Unterwassermassage-768x576.jpeg 768w, https:\/\/strandhotel-buckow.de\/wp-content\/uploads\/2024\/11\/Unterwassermassage-1536x1152.jpeg 1536w, https:\/\/strandhotel-buckow.de\/wp-content\/uploads\/2024\/11\/Unterwassermassage-2048x1536.jpeg 2048w, https:\/\/strandhotel-buckow.de\/wp-content\/uploads\/2024\/11\/Unterwassermassage-16x12.jpeg 16w, https:\/\/strandhotel-buckow.de\/wp-content\/uploads\/2024\/11\/Unterwassermassage-750x563.jpeg 750w, https:\/\/strandhotel-buckow.de\/wp-content\/uploads\/2024\/11\/Unterwassermassage-540x405.jpeg 540w\" sizes=\"(max-width: 2560px) 100vw, 2560px\" \/><\/div><div class='dt-sc-image-content'><div class='dt-sc-image-title'><h3>Underwater massage<\/h3><\/div>With its wide range of treatment options, the underwater massage is at your disposal. The treatment spectrum ranges from individual intensive massages to a personal pampering program. The massage begins with the gentle stroking of muscles and connective tissue. During the subsequent underwater massage, 20 areas of the body are treated, from the soles of the feet to the shoulders, which are grouped into 10 zones.<\/div><\/div><\/div><\/div><div id=\"1732063642561-7d3e7361-db1a\" class=\"dt-sc-empty-space\"><\/div><\/div><\/div><\/div><\/div><div  data-delay=\"0\" class=\"vc_row wpb_row vc_row-fluid\"><div class=\"wpb_column vc_column_container vc_col-sm-12\" data-delay=\"0\"><div class=\"vc_column-inner\"><div class=\"wpb_wrapper\"><div class=\"carousel_items dotted-image-caption-carousel\" data-delay=\"0\"><div class=\"dt-sc-carousel-wrapper dt_carousel\" data-visible=\"1\" data-scroll=\"1\" data-auto=\"\" data-animation=\"scroll\"><div class='dt-sc-image-caption type7  icon-headline' data-delay='0'><div class='dt-sc-image-wrapper'><img loading=\"lazy\" decoding=\"async\" width=\"2069\" height=\"1920\" src=\"https:\/\/strandhotel-buckow.de\/wp-content\/uploads\/2024\/11\/Kneipp-Fussbecken-2-scaled-e1732563952253.jpg\" class=\"attachment-full\" alt=\"Kneipp Fu\u00dfbecken\" title=\"Kneipp foot basin\" srcset=\"https:\/\/strandhotel-buckow.de\/wp-content\/uploads\/2024\/11\/Kneipp-Fussbecken-2-scaled-e1732563952253.jpg 2069w, https:\/\/strandhotel-buckow.de\/wp-content\/uploads\/2024\/11\/Kneipp-Fussbecken-2-scaled-e1732563952253-300x278.jpg 300w, https:\/\/strandhotel-buckow.de\/wp-content\/uploads\/2024\/11\/Kneipp-Fussbecken-2-scaled-e1732563952253-1024x950.jpg 1024w, https:\/\/strandhotel-buckow.de\/wp-content\/uploads\/2024\/11\/Kneipp-Fussbecken-2-scaled-e1732563952253-768x713.jpg 768w, https:\/\/strandhotel-buckow.de\/wp-content\/uploads\/2024\/11\/Kneipp-Fussbecken-2-scaled-e1732563952253-1536x1425.jpg 1536w, https:\/\/strandhotel-buckow.de\/wp-content\/uploads\/2024\/11\/Kneipp-Fussbecken-2-scaled-e1732563952253-2048x1901.jpg 2048w, https:\/\/strandhotel-buckow.de\/wp-content\/uploads\/2024\/11\/Kneipp-Fussbecken-2-scaled-e1732563952253-13x12.jpg 13w, https:\/\/strandhotel-buckow.de\/wp-content\/uploads\/2024\/11\/Kneipp-Fussbecken-2-scaled-e1732563952253-750x696.jpg 750w, https:\/\/strandhotel-buckow.de\/wp-content\/uploads\/2024\/11\/Kneipp-Fussbecken-2-scaled-e1732563952253-540x501.jpg 540w\" sizes=\"(max-width: 2069px) 100vw, 2069px\" \/><\/div><div class='dt-sc-image-content'><div class='dt-sc-image-title'><h3>Kneipp foot basin<\/h3><\/div>Kneipp footbath is the alternating footbath is an excellent workout for the blood vessels, promotes circulation and prevents infections.\nprevents infections: It regulates the heat balance in the body, trains the blood vessels and\npromotes blood circulation in the skin.<\/div><\/div><\/div><div class=\"dt-carousel-pagination\"><\/div><\/div><div id=\"1732062731480-5ad4e349-def8\" class=\"dt-sc-empty-space\"><\/div><\/div><\/div><\/div><\/div><div  data-delay=\"0\" class=\"vc_row wpb_row vc_row-fluid\"><div class=\"wpb_column vc_column_container vc_col-sm-12\" data-delay=\"0\"><div class=\"vc_column-inner\"><div class=\"wpb_wrapper\"><div class=\"carousel_items dotted-image-caption-carousel left-align\" data-delay=\"0\"><div class=\"dt-sc-carousel-wrapper dt_carousel\" data-visible=\"1\" data-scroll=\"1\" data-auto=\"\" data-animation=\"scroll\"><div class='dt-sc-image-caption type7  left-content icon-headline' data-delay='0'><div class='dt-sc-image-wrapper'><img loading=\"lazy\" decoding=\"async\" width=\"2560\" height=\"1920\" src=\"https:\/\/strandhotel-buckow.de\/wp-content\/uploads\/2024\/11\/Salzgrotte-scaled.jpg\" class=\"attachment-full\" alt=\"\" title=\"Salt cave\" srcset=\"https:\/\/strandhotel-buckow.de\/wp-content\/uploads\/2024\/11\/Salzgrotte-scaled.jpg 2560w, https:\/\/strandhotel-buckow.de\/wp-content\/uploads\/2024\/11\/Salzgrotte-300x225.jpg 300w, https:\/\/strandhotel-buckow.de\/wp-content\/uploads\/2024\/11\/Salzgrotte-1024x768.jpg 1024w, https:\/\/strandhotel-buckow.de\/wp-content\/uploads\/2024\/11\/Salzgrotte-768x576.jpg 768w, https:\/\/strandhotel-buckow.de\/wp-content\/uploads\/2024\/11\/Salzgrotte-1536x1152.jpg 1536w, https:\/\/strandhotel-buckow.de\/wp-content\/uploads\/2024\/11\/Salzgrotte-2048x1536.jpg 2048w, https:\/\/strandhotel-buckow.de\/wp-content\/uploads\/2024\/11\/Salzgrotte-16x12.jpg 16w, https:\/\/strandhotel-buckow.de\/wp-content\/uploads\/2024\/11\/Salzgrotte-750x563.jpg 750w, https:\/\/strandhotel-buckow.de\/wp-content\/uploads\/2024\/11\/Salzgrotte-540x405.jpg 540w\" sizes=\"(max-width: 2560px) 100vw, 2560px\" \/><\/div><div class='dt-sc-image-content'><div class='dt-sc-image-title'><h3>Salt cave<\/h3><\/div>The salt crystals on the walls and ceiling in combination with a graduation tower\ngraduation tower (here salty water is repeatedly allowed to flow over brushwood branches,\nthe water evaporates and the salt remains). This naturally creates a salty\nsalty environment in the salt cave.<\/div><\/div><\/div><div class=\"dt-carousel-pagination\"><\/div><\/div><div id=\"1547460221543-561cf25d-5b9e\" class=\"dt-sc-empty-space\"><\/div><h3 style=\"text-align: center;font-family:Lora;font-weight:400;font-style:normal\" class=\"vc_custom_heading\" >Prices<\/h3>\r\n\t<div class=\"wpb_text_column wpb_content_element\" >\r\n\t\t<div class=\"wpb_wrapper\">\r\n\t\t\t<p style=\"text-align: center;\">- For underwater or overwater massages: \u20ac 39.00 for 30 min.<\/p>\n<p style=\"text-align: center;\">- Wellness day ticket for external guests (incl. pool, sauna, salt grotto, Kneipp footbaths):<br \/>\n4 Hours \u2013 39,00 \u20ac<\/p>\n<p style=\"text-align: center;\">- Bathrobe 5,00 \u20ac rental fee<\/p>\n\r\n\t\t<\/div>\r\n\t<\/div>\r\n<div id=\"1732066078261-9454944a-8da2\" class=\"dt-sc-empty-space\"><\/div><\/div><\/div><\/div><\/div>\n<\/div>","protected":false},"excerpt":{"rendered":"Wellness, Spa &amp; KneippEntspannung f\u00fcr K\u00f6rper und Seele - Unsere Massageangebote Lassen Sie die Seele baumeln, machen Sie einen sanften Ausflug f\u00fcr K\u00f6rper und Geist. Eingebettet in sch\u00f6nster Natur, unmittelbar am Ufer des Scherm\u00fctzelsees gelegen erwartet Sie unsere neue Wellnessoase. Im staatlich anerkannten Kneipp-Kurort Buckow haben Sie au\u00dferdem die M\u00f6glichkeit, die vitalen Lehren des Sebastian [...]","protected":false},"author":1,"featured_media":0,"parent":0,"menu_order":0,"comment_status":"closed","ping_status":"closed","template":"","meta":{"footnotes":""},"class_list":["post-17898","page","type-page","status-publish","hentry"],"_links":{"self":[{"href":"https:\/\/strandhotel-buckow.de\/en\/wp-json\/wp\/v2\/pages\/17898"}],"collection":[{"href":"https:\/\/strandhotel-buckow.de\/en\/wp-json\/wp\/v2\/pages"}],"about":[{"href":"https:\/\/strandhotel-buckow.de\/en\/wp-json\/wp\/v2\/types\/page"}],"author":[{"embeddable":true,"href":"https:\/\/strandhotel-buckow.de\/en\/wp-json\/wp\/v2\/users\/1"}],"replies":[{"embeddable":true,"href":"https:\/\/strandhotel-buckow.de\/en\/wp-json\/wp\/v2\/comments?post=17898"}],"version-history":[{"count":92,"href":"https:\/\/strandhotel-buckow.de\/en\/wp-json\/wp\/v2\/pages\/17898\/revisions"}],"predecessor-version":[{"id":18658,"href":"https:\/\/strandhotel-buckow.de\/en\/wp-json\/wp\/v2\/pages\/17898\/revisions\/18658"}],"wp:attachment":[{"href":"https:\/\/strandhotel-buckow.de\/en\/wp-json\/wp\/v2\/media?parent=17898"}],"curies":[{"name":"wp","href":"https:\/\/api.w.org\/{rel}","templated":true}]}}