{"id":18438,"date":"2024-11-28T22:52:10","date_gmt":"2024-11-28T20:52:10","guid":{"rendered":"https:\/\/dev.strandhotel-buckow.de\/?page_id=18438"},"modified":"2025-10-25T18:12:10","modified_gmt":"2025-10-25T16:12:10","slug":"familienzimmer-2","status":"publish","type":"page","link":"https:\/\/strandhotel-buckow.de\/en\/familienzimmer-2\/","title":{"rendered":"Family room"},"content":{"rendered":"<div class=\"wpb-content-wrapper\"><div  data-delay=\"0\" class=\"vc_row wpb_row vc_row-fluid vc_row-o-equal-height vc_row-flex\"><div class=\"rs_col-sm-12 wpb_column vc_column_container vc_col-sm-8 vc_col-lg-8 vc_col-md-12\" data-delay=\"0\"><div class=\"vc_column-inner vc_custom_1548936057568\"><div class=\"wpb_wrapper\"><h3 style=\"text-align: left\" class=\"vc_custom_heading vc_custom_1732749161437\" >All rooms are lovingly furnished and offer free Wi-Fi, TV, air conditioning and a private bathroom.<\/h3><p style=\"text-align: left\" class=\"vc_custom_heading\" >Most rooms offer a magnificent view of the picturesque Scherm\u00fctzelsee, and some also have a balcony for the perfect view. We also offer accessible rooms for wheelchair users and guests with disabilities to ensure a comfortable stay.<br \/>\nWe can clean your room daily on request.<\/p><div id=\"1548070130829-1ed2fa08-360f\" class=\"dt-sc-empty-space\"><\/div><div id=\"1548070154889-f3ad478a-b92e\" class=\"dt-sc-empty-space\"><\/div><p style=\"text-align: left\" class=\"vc_custom_heading\" >Room size: 25m\u00b2<\/p><div id=\"1548070219613-c26e960f-5117\" class=\"dt-sc-empty-space\"><\/div><p style=\"color: #111111;text-align: left\" class=\"vc_custom_heading\" ><\/p><\/div><\/div><\/div><div class=\"rs_col-sm-12 wpb_column vc_column_container vc_col-sm-4 vc_col-lg-4 vc_col-md-12\" data-delay=\"0\"><div class=\"vc_column-inner\" style=\" text-align:center; \"><div class=\"wpb_wrapper\"><a href=\"https:\/\/www.machambre.de\/booking\/strandhotel-buckow\" target=\"_self\" title=\"\" class=\"dt-sc-button   large icon-right with-icon  filled  type1\" data-delay=\"0\" rel=\"noopener\"> Book now <span class='far fa-paper-plane'> <\/span><\/a><\/div><\/div><\/div><\/div><div  data-delay=\"0\" class=\"vc_row wpb_row vc_row-fluid\"><div class=\"wpb_column vc_column_container vc_col-sm-12\" data-delay=\"0\"><div class=\"vc_column-inner\"><div class=\"wpb_wrapper\"><div id=\"1548070300850-09114813-df06\" class=\"dt-sc-empty-space\"><\/div><\/div><\/div><\/div><\/div><div  data-delay=\"0\" class=\"vc_row wpb_row vc_row-fluid vc_row-o-equal-height vc_row-o-content-middle vc_row-flex\"><div class=\"rs_col-sm-12 wpb_column vc_column_container vc_col-sm-6\" data-delay=\"0\"><div class=\"vc_column-inner vc_custom_1548936159327\"><div class=\"wpb_wrapper\">\n\t<div  class=\"wpb_single_image wpb_content_element vc_align_left  vc_custom_1732828689322\">\n\t\t\n\t\t<figure class=\"wpb_wrapper vc_figure\">\n\t\t\t<div class=\"vc_single_image-wrapper   vc_box_border_grey\"><img loading=\"lazy\" decoding=\"async\" width=\"2560\" height=\"1558\" src=\"https:\/\/strandhotel-buckow.de\/wp-content\/uploads\/2024\/11\/Familienzimmer-1-1-scaled.jpeg\" class=\"vc_single_image-img attachment-full\" alt=\"\" title=\"Familienzimmer - 1\" srcset=\"https:\/\/strandhotel-buckow.de\/wp-content\/uploads\/2024\/11\/Familienzimmer-1-1-scaled.jpeg 2560w, https:\/\/strandhotel-buckow.de\/wp-content\/uploads\/2024\/11\/Familienzimmer-1-1-300x183.jpeg 300w, https:\/\/strandhotel-buckow.de\/wp-content\/uploads\/2024\/11\/Familienzimmer-1-1-1024x623.jpeg 1024w, https:\/\/strandhotel-buckow.de\/wp-content\/uploads\/2024\/11\/Familienzimmer-1-1-768x467.jpeg 768w, https:\/\/strandhotel-buckow.de\/wp-content\/uploads\/2024\/11\/Familienzimmer-1-1-1536x935.jpeg 1536w, https:\/\/strandhotel-buckow.de\/wp-content\/uploads\/2024\/11\/Familienzimmer-1-1-2048x1247.jpeg 2048w, https:\/\/strandhotel-buckow.de\/wp-content\/uploads\/2024\/11\/Familienzimmer-1-1-18x12.jpeg 18w, https:\/\/strandhotel-buckow.de\/wp-content\/uploads\/2024\/11\/Familienzimmer-1-1-750x457.jpeg 750w, https:\/\/strandhotel-buckow.de\/wp-content\/uploads\/2024\/11\/Familienzimmer-1-1-540x329.jpeg 540w\" sizes=\"(max-width: 2560px) 100vw, 2560px\" \/><\/div>\n\t\t<\/figure>\n\t<\/div>\n<\/div><\/div><\/div><div class=\"rs_col-sm-12 wpb_column vc_column_container vc_col-sm-6\" data-delay=\"0\"><div class=\"vc_column-inner\"><div class=\"wpb_wrapper\"><div class='dt-sc-title with-image with-sub-title'><h3><\/h3><h2>Room facilities<\/h2><p><img loading=\"lazy\" decoding=\"async\" width=\"30\" height=\"32\" src=\"https:\/\/strandhotel-buckow.de\/wp-content\/uploads\/2019\/01\/title-icon-img.png\" class=\"attachment-full\" alt=\"\" title=\"title-icon-img\" \/><\/p><\/div><div class=\"vc_row wpb_row vc_inner vc_row-fluid\"><div class=\"wpb_column vc_column_container vc_col-sm-6\"><div class=\"vc_column-inner\"><div class=\"wpb_wrapper\"><div class='dt-sc-icon-box type4' data-delay='0' ><div class=\"icon-wrapper\"><span class='fas fa-shower'> <\/span><\/div><div class=\"icon-content\"><h4>Shower&amp;WC<\/h4><p><\/p><\/div><\/div><div class='dt-sc-icon-box type4' data-delay='0' ><div class=\"icon-wrapper\"><span class='fas fa-wind'> <\/span><\/div><div class=\"icon-content\"><h4>Hair dryer<\/h4><p><\/p><\/div><\/div><div class='dt-sc-icon-box type4' data-delay='0' ><div class=\"icon-wrapper\"><span class='far fa-window-restore'> <\/span><\/div><div class=\"icon-content\"><h4>Towels<\/h4><p><\/p><\/div><\/div><\/div><\/div><\/div><div class=\"wpb_column vc_column_container vc_col-sm-6\"><div class=\"vc_column-inner\"><div class=\"wpb_wrapper\"><div class='dt-sc-icon-box type4' data-delay='0' ><div class=\"icon-wrapper\"><span class='fas fa-wifi'> <\/span><\/div><div class=\"icon-content\"><h4>Wi-Fi<\/h4><p><\/p><\/div><\/div><div class='dt-sc-icon-box type4' data-delay='0' ><div class=\"icon-wrapper\"><span class='fas fa-desktop'> <\/span><\/div><div class=\"icon-content\"><h4>TV<\/h4><p><\/p><\/div><\/div><div class='dt-sc-icon-box type4' data-delay='0' ><div class=\"icon-wrapper\"><span class='fas fa-fan'> <\/span><\/div><div class=\"icon-content\"><h4>Conditioner<\/h4><p><\/p><\/div><\/div><\/div><\/div><\/div><\/div><div id=\"1547901434840-8fee646c-d76b\" class=\"dt-sc-empty-space\"><\/div><p style=\"font-size: 16px;color: #111111;text-align: left\" class=\"vc_custom_heading\" >In addition, all our bathrooms are equipped with our free care products.<\/p><\/div><\/div><\/div><\/div><div  data-delay=\"0\" class=\"vc_row wpb_row vc_row-fluid\"><div class=\"wpb_column vc_column_container vc_col-sm-12\" data-delay=\"0\"><div class=\"vc_column-inner\"><div class=\"wpb_wrapper\"><div id=\"1546933358385-ac3bde00-4aff\" class=\"dt-sc-empty-space\"><\/div><div class=\"vc_row wpb_row vc_inner vc_row-fluid vc_row-o-equal-height vc_row-flex vc_row-no-padding\"><div class=\"wpb_column vc_column_container vc_col-sm-4 vc_col-has-fill\"><div class=\"vc_column-inner vc_custom_1732827750455\"><div class=\"wpb_wrapper\"><div id=\"1732750842444-e036a334-aa75\" class=\"dt-sc-empty-space\"><\/div><\/div><\/div><\/div><div class=\"wpb_column vc_column_container vc_col-sm-4 vc_col-has-fill\"><div class=\"vc_column-inner vc_custom_1732828062852\"><div class=\"wpb_wrapper\"><div id=\"1732750943639-ff27e8b6-ad05\" class=\"dt-sc-empty-space\"><\/div><\/div><\/div><\/div><div class=\"wpb_column vc_column_container vc_col-sm-4 vc_col-has-fill\"><div class=\"vc_column-inner vc_custom_1732828108552\"><div class=\"wpb_wrapper\"><div id=\"1732750938442-e9b0954c-8495\" class=\"dt-sc-empty-space\"><\/div><\/div><\/div><\/div><\/div><div id=\"1548233781610-5c160936-3f5c\" class=\"dt-sc-empty-space\"><\/div><\/div><\/div><\/div><\/div><div  data-delay=\"0\" data-vc-full-width=\"true\" data-vc-full-width-init=\"false\" data-vc-stretch-content=\"true\" class=\"vc_row wpb_row vc_row-fluid vc_custom_1547719018873 vc_row-has-fill\"><div class=\"rs_col-sm-12 wpb_column vc_column_container vc_col-sm-4 vc_col-lg-4 vc_col-md-12\" data-delay=\"0\"><div class=\"vc_column-inner vc_custom_1548663138703\"><div class=\"wpb_wrapper\"><div class='dt-sc-title with-image with-sub-title'><h3>Take a deep breath in Buckow<\/h3><h2>Winter offer<\/h2><p><img loading=\"lazy\" decoding=\"async\" width=\"30\" height=\"32\" src=\"https:\/\/strandhotel-buckow.de\/wp-content\/uploads\/2019\/01\/title-icon-img.png\" class=\"attachment-full\" alt=\"\" title=\"title-icon-img\" \/><\/p><\/div><h5 style=\"line-height: 40px;text-align: left\" class=\"vc_custom_heading\" >Peace, relaxation and simply BREATHING in the dreamy winter wonderland of Buckow.<br \/>\nOptional Thursday to Sunday<br \/>\n(3 nights)<br \/>\nor Sunday to Thursday<br \/>\n(4 nights - 1 night free).<\/h5><a href='\/en\/kontakt\/' target='_self' title='Contact' class='dt-sc-button   large icon-right with-icon  filled  type1' data-delay='0' > Inquiries <span class='far fa-paper-plane'> <\/span><\/a><div id=\"1547718915370-78b75047-43cd\" class=\"dt-sc-empty-space\"><\/div><\/div><\/div><\/div><div class=\"rs_col-sm-12 wpb_column vc_column_container vc_col-sm-8 vc_col-lg-8 vc_col-md-12\" data-delay=\"0\"><div class=\"vc_column-inner\"><div class=\"wpb_wrapper\"><div class=\"vc_row wpb_row vc_inner vc_row-fluid\"><div class=\"wpb_column vc_column_container vc_col-sm-12\"><div class=\"vc_column-inner vc_custom_1548937529779\"><div class=\"wpb_wrapper\"><div class='dt-sc-image-caption type3' data-delay='0'><div class='dt-sc-image-wrapper'><img loading=\"lazy\" decoding=\"async\" width=\"630\" height=\"584\" src=\"https:\/\/strandhotel-buckow.de\/wp-content\/uploads\/2021\/05\/winter-landscape-2995987_1920.png\" class=\"attachment-full\" alt=\"\" title=\"winter-landscape-2995987_1920\" srcset=\"https:\/\/strandhotel-buckow.de\/wp-content\/uploads\/2021\/05\/winter-landscape-2995987_1920.png 630w, https:\/\/strandhotel-buckow.de\/wp-content\/uploads\/2021\/05\/winter-landscape-2995987_1920-300x278.png 300w, https:\/\/strandhotel-buckow.de\/wp-content\/uploads\/2021\/05\/winter-landscape-2995987_1920-13x12.png 13w, https:\/\/strandhotel-buckow.de\/wp-content\/uploads\/2021\/05\/winter-landscape-2995987_1920-540x501.png 540w\" sizes=\"(max-width: 630px) 100vw, 630px\" \/><div class='icon-wrapper'><span class='fas fa-home'> <\/span><\/div><\/div><div class='dt-sc-image-content'><div class='dt-sc-image-title'><h3><a href=\"\/en\/kontakt\/\" target=\"_self\" title=\"Contact\">Take a deep breath in Buckow<\/a><\/h3><\/div><p>The winter offer is currently only available on request.<\/p><\/div><\/div><\/div><\/div><\/div><\/div><\/div><\/div><\/div><div class=\"wpb_column vc_column_container vc_col-sm-12\" data-delay=\"0\"><div class=\"vc_column-inner\"><div class=\"wpb_wrapper\"><div id=\"1547791289834-6fce9c09-f36a\" class=\"dt-sc-empty-space\"><\/div><\/div><\/div><\/div><\/div><div class=\"vc_row-full-width vc_clearfix\"><\/div><div  data-delay=\"0\" class=\"vc_row wpb_row vc_row-fluid\"><div class=\"wpb_column vc_column_container vc_col-sm-12\" data-delay=\"0\"><div class=\"vc_column-inner\"><div class=\"wpb_wrapper\"><div id=\"1546933358385-ac3bde00-4aff\" class=\"dt-sc-empty-space\"><\/div><div class=\"vc_row wpb_row vc_inner vc_row-fluid\"><div class=\"aligncenter rs_col-sm-12 wpb_column vc_column_container vc_col-sm-6\"><div class=\"vc_column-inner vc_custom_1548227019802\"><div class=\"wpb_wrapper\"><div class='dt-sc-title with-image with-sub-title aligncenter'><h3><\/h3><h2>Wellness &amp; Spa<\/h2><p><img loading=\"lazy\" decoding=\"async\" width=\"30\" height=\"32\" src=\"https:\/\/strandhotel-buckow.de\/wp-content\/uploads\/2019\/01\/title-icon-img.png\" class=\"attachment-full\" alt=\"\" title=\"title-icon-img\" \/><\/p><\/div><p style=\"text-align: center\" class=\"vc_custom_heading vc_custom_1732055706040\" >Take a deep breath in Buckow. Let your soul dangle, take a gentle trip for body and soul. Our new wellness oasis awaits you, nestled in the most beautiful natural surroundings, right on the shores of Lake Scherm\u00fctzel.<\/p>\n<p>A refreshing swimming pool, a soothing sauna, the unique salt grotto and various massages and Kneipp treatments await you here. Treat yourself to a break from everyday life and recharge your batteries in our relaxation room.<\/p><div id=\"1546935000842-15595755-6f13\" class=\"dt-sc-empty-space\"><\/div><a href=\"https:\/\/strandhotel-buckow.de\/en\/wellness-spa-kneipp\/\" target=\"_self\" title=\"Wellness, Spa &amp; Kneipp\" class=\"dt-sc-button   large   filled\" data-delay=\"0\"> read more <\/a><\/div><\/div><\/div><div class=\"rs_col-sm-12 wpb_column vc_column_container vc_col-sm-6\"><div class=\"vc_column-inner\"><div class=\"wpb_wrapper\"><div id=\"1546935084335-ea771c36-f3ba\" class=\"dt-sc-empty-space\"><\/div>\n\t<div  class=\"wpb_single_image wpb_content_element vc_align_center  vc_custom_1732553480583\">\n\t\t\n\t\t<figure class=\"wpb_wrapper vc_figure\">\n\t\t\t<div class=\"vc_single_image-wrapper   vc_box_border_grey\"><img loading=\"lazy\" decoding=\"async\" width=\"812\" height=\"649\" src=\"https:\/\/strandhotel-buckow.de\/wp-content\/uploads\/2024\/11\/Schwimmbad-Strandhotel-Buckow-Kopie2.jpeg.jpg\" class=\"vc_single_image-img attachment-full\" alt=\"\" title=\"Schwimmbad Strandhotel Buckow Kopie2.jpeg\" srcset=\"https:\/\/strandhotel-buckow.de\/wp-content\/uploads\/2024\/11\/Schwimmbad-Strandhotel-Buckow-Kopie2.jpeg.jpg 812w, https:\/\/strandhotel-buckow.de\/wp-content\/uploads\/2024\/11\/Schwimmbad-Strandhotel-Buckow-Kopie2.jpeg-300x240.jpg 300w, https:\/\/strandhotel-buckow.de\/wp-content\/uploads\/2024\/11\/Schwimmbad-Strandhotel-Buckow-Kopie2.jpeg-768x614.jpg 768w, https:\/\/strandhotel-buckow.de\/wp-content\/uploads\/2024\/11\/Schwimmbad-Strandhotel-Buckow-Kopie2.jpeg-15x12.jpg 15w, https:\/\/strandhotel-buckow.de\/wp-content\/uploads\/2024\/11\/Schwimmbad-Strandhotel-Buckow-Kopie2.jpeg-150x120.jpg 150w, https:\/\/strandhotel-buckow.de\/wp-content\/uploads\/2024\/11\/Schwimmbad-Strandhotel-Buckow-Kopie2.jpeg-750x599.jpg 750w, https:\/\/strandhotel-buckow.de\/wp-content\/uploads\/2024\/11\/Schwimmbad-Strandhotel-Buckow-Kopie2.jpeg-540x432.jpg 540w, https:\/\/strandhotel-buckow.de\/wp-content\/uploads\/2024\/11\/Schwimmbad-Strandhotel-Buckow-Kopie2.jpeg-420x336.jpg 420w\" sizes=\"(max-width: 812px) 100vw, 812px\" \/><\/div>\n\t\t<\/figure>\n\t<\/div>\n<\/div><\/div><\/div><\/div><div id=\"1548233781610-5c160936-3f5c\" class=\"dt-sc-empty-space\"><\/div><div class='dt-sc-clear'> <\/div><\/div><\/div><\/div><\/div><div  data-delay=\"0\" class=\"vc_row wpb_row vc_row-fluid vc_row-o-equal-height vc_row-flex\"><div class=\"wpb_column vc_column_container vc_col-sm-12\" data-delay=\"0\"><div class=\"vc_column-inner vc_custom_1548240773927\"><div class=\"wpb_wrapper\"><div class=\"carousel_items\" data-delay=\"0\"><div class=\"dt-sc-carousel-wrapper dt_carousel\" data-visible=\"3\" data-scroll=\"1\" data-auto=\"\" data-animation=\"scroll\"><div class='dt-sc-image-caption type6' data-delay='0'><div class='dt-sc-image-wrapper'><img loading=\"lazy\" decoding=\"async\" width=\"630\" height=\"584\" src=\"https:\/\/strandhotel-buckow.de\/wp-content\/uploads\/2021\/05\/winter-landscape-2995987_1920.png\" class=\"attachment-full\" alt=\"\" title=\"winter-landscape-2995987_1920\" srcset=\"https:\/\/strandhotel-buckow.de\/wp-content\/uploads\/2021\/05\/winter-landscape-2995987_1920.png 630w, https:\/\/strandhotel-buckow.de\/wp-content\/uploads\/2021\/05\/winter-landscape-2995987_1920-300x278.png 300w, https:\/\/strandhotel-buckow.de\/wp-content\/uploads\/2021\/05\/winter-landscape-2995987_1920-13x12.png 13w, https:\/\/strandhotel-buckow.de\/wp-content\/uploads\/2021\/05\/winter-landscape-2995987_1920-540x501.png 540w\" sizes=\"(max-width: 630px) 100vw, 630px\" \/><\/div><div class='dt-sc-image-content'><div class='dt-sc-image-title'><h3>To our<\/h3><h6>Winter offer<\/h6><\/div><p><a href='#' target='_self' title='' class='dt-sc-button   large   filled' data-delay='0' > Mehr Info <\/a><\/p><\/div><\/div><div class='dt-sc-image-caption type6' data-delay='0'><div class='dt-sc-image-wrapper'><img loading=\"lazy\" decoding=\"async\" width=\"2560\" height=\"2381\" src=\"https:\/\/strandhotel-buckow.de\/wp-content\/uploads\/2024\/11\/auschnitt-1-2-scaled.jpeg\" class=\"attachment-full\" alt=\"\" title=\"auschnitt - 1 (2)\" srcset=\"https:\/\/strandhotel-buckow.de\/wp-content\/uploads\/2024\/11\/auschnitt-1-2-scaled.jpeg 2560w, https:\/\/strandhotel-buckow.de\/wp-content\/uploads\/2024\/11\/auschnitt-1-2-300x279.jpeg 300w, https:\/\/strandhotel-buckow.de\/wp-content\/uploads\/2024\/11\/auschnitt-1-2-1024x952.jpeg 1024w, https:\/\/strandhotel-buckow.de\/wp-content\/uploads\/2024\/11\/auschnitt-1-2-768x714.jpeg 768w, https:\/\/strandhotel-buckow.de\/wp-content\/uploads\/2024\/11\/auschnitt-1-2-1536x1429.jpeg 1536w, https:\/\/strandhotel-buckow.de\/wp-content\/uploads\/2024\/11\/auschnitt-1-2-2048x1905.jpeg 2048w, https:\/\/strandhotel-buckow.de\/wp-content\/uploads\/2024\/11\/auschnitt-1-2-13x12.jpeg 13w, https:\/\/strandhotel-buckow.de\/wp-content\/uploads\/2024\/11\/auschnitt-1-2-750x698.jpeg 750w, https:\/\/strandhotel-buckow.de\/wp-content\/uploads\/2024\/11\/auschnitt-1-2-540x502.jpeg 540w\" sizes=\"(max-width: 2560px) 100vw, 2560px\" \/><\/div><div class='dt-sc-image-content'><div class='dt-sc-image-title'><h3><a href=\"\/en\/wellness-spa-kneipp\/\" target=\"_self\" title=\"Wellness, Spa &amp; Kneipp\">To our<\/a><\/h3><h6>Wellness area<\/h6><\/div><p><a href='#' target='_self' title='' class='dt-sc-button   large   filled' data-delay='0' > Mehr Info <\/a><\/p><\/div><\/div><div class='dt-sc-image-caption type6' data-delay='0'><div class='dt-sc-image-wrapper'><img loading=\"lazy\" decoding=\"async\" width=\"1666\" height=\"1544\" src=\"https:\/\/strandhotel-buckow.de\/wp-content\/uploads\/2024\/11\/IMG_20241119_143639.jpeg\" class=\"attachment-full\" alt=\"U\u0308berwassermassage Wellness Buckow M\u00e4rkische Schweiz\" title=\"U\u0308berwassermassage Wellness Buckow M\u00e4rkische Schweiz\" srcset=\"https:\/\/strandhotel-buckow.de\/wp-content\/uploads\/2024\/11\/IMG_20241119_143639.jpeg 1666w, https:\/\/strandhotel-buckow.de\/wp-content\/uploads\/2024\/11\/IMG_20241119_143639-300x278.jpeg 300w, https:\/\/strandhotel-buckow.de\/wp-content\/uploads\/2024\/11\/IMG_20241119_143639-1024x949.jpeg 1024w, https:\/\/strandhotel-buckow.de\/wp-content\/uploads\/2024\/11\/IMG_20241119_143639-768x712.jpeg 768w, https:\/\/strandhotel-buckow.de\/wp-content\/uploads\/2024\/11\/IMG_20241119_143639-1536x1424.jpeg 1536w, https:\/\/strandhotel-buckow.de\/wp-content\/uploads\/2024\/11\/IMG_20241119_143639-13x12.jpeg 13w, https:\/\/strandhotel-buckow.de\/wp-content\/uploads\/2024\/11\/IMG_20241119_143639-750x695.jpeg 750w, https:\/\/strandhotel-buckow.de\/wp-content\/uploads\/2024\/11\/IMG_20241119_143639-540x500.jpeg 540w\" sizes=\"(max-width: 1666px) 100vw, 1666px\" \/><\/div><div class='dt-sc-image-content'><div class='dt-sc-image-title'><h3><a href=\"\/en\/wellness-spa-kneipp\/\" target=\"_self\" title=\"Wellness, Spa &amp; Kneipp\">To our<\/a><\/h3><h6>Massage treatments<\/h6><\/div><p><a href='#' target='_self' title='' class='dt-sc-button   large   filled' data-delay='0' > Mehr Info <\/a><\/p><\/div><\/div><\/div><div class=\"dt-carousel-navigation  nav-side\"><div class=\"carousel-prv-arrow\"><a class=\"prev-arrow\" href=\"#\"><span class=\"fas fa-long-arrow-alt-left\"> <\/span><\/a><\/div><div class=\"carousel-next-arrow\"><a class=\"next-arrow\" href=\"#\"><span class=\"fas fa-long-arrow-alt-right\"> <\/span><\/a><\/div><\/div><\/div><\/div><\/div><\/div><\/div><div  data-delay=\"0\" class=\"vc_row wpb_row vc_row-fluid\"><div class=\"wpb_column vc_column_container vc_col-sm-12\" data-delay=\"0\"><div class=\"vc_column-inner\"><div class=\"wpb_wrapper\">\r\n\t<div class=\"wpb_text_column wpb_content_element\" >\r\n\t\t<div class=\"wpb_wrapper\">\r\n\t\t\t<div id=\"1548073796108-07ad71fb-adaf\" class=\"dt-sc-empty-space\"><\/div>\n\r\n\t\t<\/div>\r\n\t<\/div>\r\n<\/div><\/div><\/div><\/div>\n<\/div>","protected":false},"excerpt":{"rendered":"Alle Zimmer ist liebevoll eingerichtet und bietet kostenfreies WLAN, TV, Klimaanlage und ein eigenes Badezimmer.Die meisten Zimmer bieten einen herrlichen Blick auf den malerischen Scherm\u00fctzelsee, einige besitzen zudem einen Balkon f\u00fcr die perfekte Aussicht. Wir bieten auch barrierefreie Zimmer f\u00fcr Rollstuhlfahrer und G\u00e4ste mit Handicap an, um einen angenehmen Aufenthalt zu gew\u00e4hrleisten. Auf Wunsch reinigen [...]","protected":false},"author":1,"featured_media":18442,"parent":0,"menu_order":0,"comment_status":"closed","ping_status":"closed","template":"","meta":{"footnotes":""},"class_list":["post-18438","page","type-page","status-publish","has-post-thumbnail","hentry"],"_links":{"self":[{"href":"https:\/\/strandhotel-buckow.de\/en\/wp-json\/wp\/v2\/pages\/18438"}],"collection":[{"href":"https:\/\/strandhotel-buckow.de\/en\/wp-json\/wp\/v2\/pages"}],"about":[{"href":"https:\/\/strandhotel-buckow.de\/en\/wp-json\/wp\/v2\/types\/page"}],"author":[{"embeddable":true,"href":"https:\/\/strandhotel-buckow.de\/en\/wp-json\/wp\/v2\/users\/1"}],"replies":[{"embeddable":true,"href":"https:\/\/strandhotel-buckow.de\/en\/wp-json\/wp\/v2\/comments?post=18438"}],"version-history":[{"count":11,"href":"https:\/\/strandhotel-buckow.de\/en\/wp-json\/wp\/v2\/pages\/18438\/revisions"}],"predecessor-version":[{"id":18821,"href":"https:\/\/strandhotel-buckow.de\/en\/wp-json\/wp\/v2\/pages\/18438\/revisions\/18821"}],"wp:featuredmedia":[{"embeddable":true,"href":"https:\/\/strandhotel-buckow.de\/en\/wp-json\/wp\/v2\/media\/18442"}],"wp:attachment":[{"href":"https:\/\/strandhotel-buckow.de\/en\/wp-json\/wp\/v2\/media?parent=18438"}],"curies":[{"name":"wp","href":"https:\/\/api.w.org\/{rel}","templated":true}]}}