{"id":18670,"date":"2025-01-30T00:00:19","date_gmt":"2025-01-29T22:00:19","guid":{"rendered":"https:\/\/strandhotel-buckow.de\/?page_id=18670"},"modified":"2025-01-30T00:18:50","modified_gmt":"2025-01-29T22:18:50","slug":"check-in-strandhotel-buckow-resort-spa","status":"publish","type":"page","link":"https:\/\/strandhotel-buckow.de\/en\/check-in-strandhotel-buckow-resort-spa\/","title":{"rendered":"Check In Strandhotel Buckow Resort &#038; Spa"},"content":{"rendered":"<div class=\"wpb-content-wrapper\"><div  data-delay=\"0\" class=\"vc_row wpb_row vc_row-fluid\"><div class=\"wpb_column vc_column_container vc_col-sm-12\" data-delay=\"0\"><div class=\"vc_column-inner\"><div class=\"wpb_wrapper\"><div class='dt-sc-title with-image with-sub-title aligncenter'><h3><\/h3><h1>Check In Strandhotel Buckow Resort & Spa<\/h1><p><img loading=\"lazy\" decoding=\"async\" width=\"30\" height=\"32\" src=\"https:\/\/strandhotel-buckow.de\/wp-content\/uploads\/2021\/04\/title-icon-img.png\" class=\"attachment-full\" alt=\"\" title=\"title-icon-img\" srcset=\"https:\/\/strandhotel-buckow.de\/wp-content\/uploads\/2021\/04\/title-icon-img.png 30w, https:\/\/strandhotel-buckow.de\/wp-content\/uploads\/2021\/04\/title-icon-img-11x12.png 11w\" sizes=\"(max-width: 30px) 100vw, 30px\" \/><\/p><\/div>\r\n\t<div class=\"wpb_text_column wpb_content_element\" >\r\n\t\t<div class=\"wpb_wrapper\">\r\n\t\t\t<p>Welcome to the Strandhotel Buckow Resort &amp; Spa \u2013 your retreat in the idyllic M\u00e4rkische Schweiz!<\/p>\n<p>&nbsp;<\/p>\n<p>You have the option to speed up the check-in process upon your arrival by sending us your details in advance.<\/p>\n<p>&nbsp;<\/p>\n<p>Please use the form below.<\/p>\n\r\n\t\t<\/div>\r\n\t<\/div>\r\n<div id=\"1732583094817-c19793c5-08b8\" class=\"dt-sc-empty-space\"><\/div><div class=\"vc_row wpb_row vc_inner vc_row-fluid\"><div class=\"wpb_column vc_column_container vc_col-sm-6\"  style=\" text-align:center; \"><div class=\"vc_column-inner\"><div class=\"wpb_wrapper\">\n<div class=\"wpcf7 no-js\" id=\"wpcf7-f18668-o1\" lang=\"de-DE\" dir=\"ltr\" data-wpcf7-id=\"18668\">\n<div class=\"screen-reader-response\"><p role=\"status\" aria-live=\"polite\" aria-atomic=\"true\"><\/p> <ul><\/ul><\/div>\n<form action=\"\/en\/wp-json\/wp\/v2\/pages\/18670#wpcf7-f18668-o1\" method=\"post\" class=\"wpcf7-form init\" aria-label=\"Contact us\" novalidate=\"novalidate\" data-status=\"init\" data-trp-original-action=\"\/en\/wp-json\/wp\/v2\/pages\/18670#wpcf7-f18668-o1\">\n<div style=\"display: none;\">\n<input type=\"hidden\" name=\"_wpcf7\" value=\"18668\" \/>\n<input type=\"hidden\" name=\"_wpcf7_version\" value=\"6.0.5\" \/>\n<input type=\"hidden\" name=\"_wpcf7_locale\" value=\"de_DE\" \/>\n<input type=\"hidden\" name=\"_wpcf7_unit_tag\" value=\"wpcf7-f18668-o1\" \/>\n<input type=\"hidden\" name=\"_wpcf7_container_post\" value=\"0\" \/>\n<input type=\"hidden\" name=\"_wpcf7_posted_data_hash\" value=\"\" \/>\n<\/div>\n<p><label><br \/>\n<span class=\"wpcf7-form-control-wrap\" data-name=\"vorname\"><input size=\"40\" maxlength=\"400\" class=\"wpcf7-form-control wpcf7-text wpcf7-validates-as-required\" aria-required=\"true\" aria-invalid=\"false\" value=\"Name\" type=\"text\" name=\"vorname\" \/><\/span><br \/>\n<\/label>\n<\/p>\n<p><label><br \/>\n<span class=\"wpcf7-form-control-wrap\" data-name=\"email\"><input size=\"40\" maxlength=\"400\" class=\"wpcf7-form-control wpcf7-email wpcf7-validates-as-required wpcf7-text wpcf7-validates-as-email\" autocomplete=\"email\" aria-required=\"true\" aria-invalid=\"false\" value=\"E-Mail\" type=\"email\" name=\"email\" \/><\/span><br \/>\n<\/label>\n<\/p>\n<p><label><br \/>\n<span class=\"wpcf7-form-control-wrap\" data-name=\"telefon\"><input size=\"40\" maxlength=\"400\" minlength=\"5\" class=\"wpcf7-form-control wpcf7-tel wpcf7-validates-as-required wpcf7-text wpcf7-validates-as-tel\" autocomplete=\"tel\" aria-required=\"true\" aria-invalid=\"false\" value=\"Telefon\" type=\"tel\" name=\"telefon\" \/><\/span><br \/>\n<\/label>\n<\/p>\n<p><label><br \/>\n<span class=\"wpcf7-form-control-wrap\" data-name=\"Anreise\"><input class=\"wpcf7-form-control wpcf7-date wpcf7-validates-as-required wpcf7-validates-as-date\" aria-required=\"true\" aria-invalid=\"false\" value=\"Anreise\" type=\"date\" name=\"Anreise\" \/><\/span><br \/>\n<\/label>\n<\/p>\n<p><label><br \/>\n<span class=\"wpcf7-form-control-wrap\" data-name=\"Abreise\"><input class=\"wpcf7-form-control wpcf7-date wpcf7-validates-as-required wpcf7-validates-as-date\" aria-required=\"true\" aria-invalid=\"false\" value=\"Abreise\" type=\"date\" name=\"Abreise\" \/><\/span><br \/>\n<\/label>\n<\/p>\n<p><label><br \/>\n<span class=\"wpcf7-form-control-wrap\" data-name=\"anzahl\"><input size=\"40\" maxlength=\"400\" class=\"wpcf7-form-control wpcf7-text wpcf7-validates-as-required\" aria-required=\"true\" aria-invalid=\"false\" value=\"Anzahl der G\u00e4ste\" type=\"text\" name=\"anzahl\" \/><\/span><br \/>\n<\/label>\n<\/p>\n<hr \/>\n<h6>&nbsp;\n<\/h6>\n<h4>Adress\n<\/h4>\n<p><label><span class=\"wpcf7-form-control-wrap\" data-name=\"strasse-w\"><input size=\"40\" maxlength=\"400\" class=\"wpcf7-form-control wpcf7-text wpcf7-validates-as-required\" aria-required=\"true\" aria-invalid=\"false\" value=\"Stra\u00dfe Nr.\" type=\"text\" name=\"strasse-w\" \/><\/span><\/label><br \/>\n<label><span class=\"wpcf7-form-control-wrap\" data-name=\"plz-w\"><input size=\"40\" maxlength=\"5\" minlength=\"5\" class=\"wpcf7-form-control wpcf7-text wpcf7-validates-as-required\" aria-required=\"true\" aria-invalid=\"false\" value=\"PLZ\" type=\"text\" name=\"plz-w\" \/><\/span><\/label><br \/>\n<label><span class=\"wpcf7-form-control-wrap\" data-name=\"stadt-w\"><input size=\"40\" maxlength=\"400\" class=\"wpcf7-form-control wpcf7-text wpcf7-validates-as-required\" aria-required=\"true\" aria-invalid=\"false\" value=\"Stadt\" type=\"text\" name=\"stadt-w\" \/><\/span><\/label>\n<\/p>\n<h6>&nbsp;\n<\/h6>\n<h4>Invoice adress\n<\/h4>\n<p><label><span class=\"wpcf7-form-control-wrap\" data-name=\"strasse-r\"><input size=\"40\" maxlength=\"400\" class=\"wpcf7-form-control wpcf7-text wpcf7-validates-as-required\" aria-required=\"true\" aria-invalid=\"false\" value=\"Stra\u00dfe Nr.\" type=\"text\" name=\"strasse-r\" \/><\/span><\/label><br \/>\n<label><span class=\"wpcf7-form-control-wrap\" data-name=\"plz-r\"><input size=\"40\" maxlength=\"5\" minlength=\"5\" class=\"wpcf7-form-control wpcf7-text wpcf7-validates-as-required\" aria-required=\"true\" aria-invalid=\"false\" value=\"PLZ\" type=\"text\" name=\"plz-r\" \/><\/span><\/label><br \/>\n<label><span class=\"wpcf7-form-control-wrap\" data-name=\"stadt-r\"><input size=\"40\" maxlength=\"400\" class=\"wpcf7-form-control wpcf7-text wpcf7-validates-as-required\" aria-required=\"true\" aria-invalid=\"false\" value=\"Stadt\" type=\"text\" name=\"stadt-r\" \/><\/span><\/label>\n<\/p>\n<div>\n\t<h6>&nbsp;\n\t<\/h6>\n\t<p><label for=\"kfz\">If you arrive with your car.<br \/>\n<span class=\"wpcf7-form-control-wrap\" data-name=\"kfz\"><input size=\"40\" maxlength=\"400\" class=\"wpcf7-form-control wpcf7-text wpcf7-validates-as-required\" aria-required=\"true\" aria-invalid=\"false\" value=\"Kfz-Kennzeichen\" type=\"text\" name=\"kfz\" \/><\/span><br \/>\n<\/label>\n\t<\/p>\n<\/div>\n<h6>&nbsp;\n<\/h6>\n<p><label> Your special wishes<span class=\"wpcf7-form-control-wrap\" data-name=\"your-message\"><textarea cols=\"40\" rows=\"10\" maxlength=\"2000\" class=\"wpcf7-form-control wpcf7-textarea\" aria-invalid=\"false\" name=\"your-message\"><\/textarea><\/span> <\/label><br \/>\n<input class=\"wpcf7-form-control wpcf7-submit has-spinner\" type=\"submit\" value=\"Send\" \/>\n<\/p><div class=\"wpcf7-response-output\" aria-hidden=\"true\"><\/div>\n<input type=\"hidden\" name=\"trp-form-language\" value=\"en\"\/><\/form>\n<\/div>\n<\/div><\/div><\/div><div class=\"wpb_column vc_column_container vc_col-sm-6\"  style=\" text-align:center; \"><div class=\"vc_column-inner\"><div class=\"wpb_wrapper\"><\/div><\/div><\/div><\/div><\/div><\/div><\/div><\/div>\n<\/div>","protected":false},"excerpt":{"rendered":"Check In Strandhotel Buckow Resort & Spa Herzlich Willkommen im Strandhotel Buckow Resort &amp; Spa \u2013 Ihrem R\u00fcckzugsort in der idyllischen M\u00e4rkischen Schweiz! &nbsp; Sie haben die M\u00f6glichkeit den Checkin-Prozess bei Ihrer Anreise zu beschleunigen, in dem Sie Ihre Daten an uns vorab \u00fcbermitteln. &nbsp; Nutzen Sie daf\u00fcr das nachfolgende Formular. &nbsp; Wohnanschrift &nbsp; Rechnungsadresse [...]","protected":false},"author":1,"featured_media":0,"parent":0,"menu_order":0,"comment_status":"closed","ping_status":"closed","template":"","meta":{"footnotes":""},"class_list":["post-18670","page","type-page","status-publish","hentry"],"_links":{"self":[{"href":"https:\/\/strandhotel-buckow.de\/en\/wp-json\/wp\/v2\/pages\/18670"}],"collection":[{"href":"https:\/\/strandhotel-buckow.de\/en\/wp-json\/wp\/v2\/pages"}],"about":[{"href":"https:\/\/strandhotel-buckow.de\/en\/wp-json\/wp\/v2\/types\/page"}],"author":[{"embeddable":true,"href":"https:\/\/strandhotel-buckow.de\/en\/wp-json\/wp\/v2\/users\/1"}],"replies":[{"embeddable":true,"href":"https:\/\/strandhotel-buckow.de\/en\/wp-json\/wp\/v2\/comments?post=18670"}],"version-history":[{"count":3,"href":"https:\/\/strandhotel-buckow.de\/en\/wp-json\/wp\/v2\/pages\/18670\/revisions"}],"predecessor-version":[{"id":18674,"href":"https:\/\/strandhotel-buckow.de\/en\/wp-json\/wp\/v2\/pages\/18670\/revisions\/18674"}],"wp:attachment":[{"href":"https:\/\/strandhotel-buckow.de\/en\/wp-json\/wp\/v2\/media?parent=18670"}],"curies":[{"name":"wp","href":"https:\/\/api.w.org\/{rel}","templated":true}]}}