{"id":572,"date":"2019-01-16T07:22:50","date_gmt":"2019-01-16T07:22:50","guid":{"rendered":"https:\/\/dev.strandhotel-buckow.de\/?page_id=572"},"modified":"2026-04-13T10:17:53","modified_gmt":"2026-04-13T08:17:53","slug":"restaurant-bar","status":"publish","type":"page","link":"https:\/\/strandhotel-buckow.de\/en\/restaurant-bar\/","title":{"rendered":"The restaurant"},"content":{"rendered":"<div class=\"wpb-content-wrapper\"><div  data-delay=\"0\" class=\"vc_row wpb_row vc_row-fluid\"><div class=\"wpb_column vc_column_container vc_col-sm-12 vc_col-has-fill\" data-delay=\"0\"><div class=\"vc_column-inner vc_custom_1620771569090\" style=\"min-height:460px;\"><div class=\"wpb_wrapper\"><div class='dt-sc-title with-image with-sub-title aligncenter'><h3><\/h3><h2>Info brochure<\/h2><p><img loading=\"lazy\" decoding=\"async\" width=\"30\" height=\"32\" src=\"https:\/\/strandhotel-buckow.de\/wp-content\/uploads\/2019\/01\/title-icon-img.png\" class=\"attachment-full\" alt=\"\" title=\"title-icon-img\" \/><\/p><\/div><div id=\"1547623674077-6d862561-8f21\" class=\"dt-sc-empty-space\"><\/div><div class=\"vc_row wpb_row vc_inner vc_row-fluid restaurant-infos-list vc_row-o-equal-height vc_row-flex\"><div class=\"wpb_column vc_column_container vc_col-sm-3\"><div class=\"vc_column-inner\"><div class=\"wpb_wrapper\"><div id=\"1775341001397-f4483d2d-8824\" class=\"dt-sc-empty-space\"><\/div><div class='dt-sc-icon-box type4' data-delay='0' ><div class=\"icon-wrapper\"><img loading=\"lazy\" decoding=\"async\" width=\"66\" height=\"67\" src=\"https:\/\/strandhotel-buckow.de\/wp-content\/uploads\/2019\/01\/spoon.png\" class=\"attachment-full\" alt=\"\" title=\"spoon\" \/><\/div><div class=\"icon-content\"><h4><a href='https:\/\/strandhotel-buckow.de\/wp-content\/uploads\/2026\/04\/Speisekarte-neu-Sommer-2026.pdf' title='Download Speisekarte ->' target='_blank'>Speisekarte<br \/>\nSommer 2026<\/a><\/h4><p><p class=\"p1\">The contents are non-binding.<\/p>\n<p class=\"p1\">We reserve the right to make changes.<\/p>\n<p class=\"p1\"><a href=\"https:\/\/strandhotel-buckow.de\/wp-content\/uploads\/2026\/04\/Speisekarte-neu-Sommer-2026.pdf\" target=\"_blank\" rel=\"noopener\">Download menu -&gt;<\/a><\/p><\/p><\/div><\/div><\/div><\/div><\/div><div class=\"wpb_column vc_column_container vc_col-sm-3\"><div class=\"vc_column-inner\"><div class=\"wpb_wrapper\"><div id=\"1775464491286-2f27238f-53aa\" class=\"dt-sc-empty-space\"><\/div><div class='dt-sc-icon-box type4' data-delay='0' ><div class=\"icon-wrapper\"><img loading=\"lazy\" decoding=\"async\" width=\"66\" height=\"67\" src=\"https:\/\/strandhotel-buckow.de\/wp-content\/uploads\/2019\/01\/spoon.png\" class=\"attachment-full\" alt=\"\" title=\"spoon\" \/><\/div><div class=\"icon-content\"><h4><a href='https:\/\/strandhotel-buckow.de\/wp-content\/uploads\/2026\/04\/Spargelkarte-2026.pdf' title='Download Speisekarte ->' target='_blank'>Spargelkarte<\/a><\/h4><p><p class=\"p1\">The contents are non-binding.<\/p>\n<p class=\"p1\">We reserve the right to make changes.<\/p>\n<p class=\"p1\"><a href=\"https:\/\/strandhotel-buckow.de\/wp-content\/uploads\/2026\/04\/Spargelkarte-2026.pdf\" target=\"_blank\" rel=\"noopener\">Download Spargelkarte -&gt;<\/a><\/p><\/p><\/div><\/div><\/div><\/div><\/div><div class=\"wpb_column vc_column_container vc_col-sm-3\"><div class=\"vc_column-inner\"><div class=\"wpb_wrapper\"><div id=\"1621329269313-074dd6cb-8f54\" class=\"dt-sc-empty-space\"><\/div><div class='dt-sc-icon-box type4' data-delay='0' ><div class=\"icon-wrapper\"><img loading=\"lazy\" decoding=\"async\" width=\"66\" height=\"67\" src=\"https:\/\/strandhotel-buckow.de\/wp-content\/uploads\/2019\/01\/drink.png\" class=\"attachment-full\" alt=\"\" title=\"drink\" \/><\/div><div class=\"icon-content\"><h4><a href='\/wp-content\/uploads\/2025\/03\/Getraenkekarte-2024.pdf' title='' target='_self'>Getr\u00e4nkekarte<\/a><\/h4><p><p class=\"p1\">The contents are non-binding.<\/p>\n<p class=\"p1\">We reserve the right to make changes.<\/p>\n<p class=\"p1\"><a href=\"\/wp-content\/uploads\/2025\/03\/Getraenkekarte-2024.pdf\" target=\"_blank\" rel=\"noopener\">Download drinks menu -&gt;<\/a><\/p><\/p><\/div><\/div><\/div><\/div><\/div><div class=\"wpb_column vc_column_container vc_col-sm-3\"><div class=\"vc_column-inner\"><div class=\"wpb_wrapper\"><div id=\"1775341023235-c343b6f7-bee9\" class=\"dt-sc-empty-space\"><\/div><div class='dt-sc-icon-box type4' data-delay='0' ><div class=\"icon-wrapper\"><span class='fas fa-child'> <\/span><\/div><div class=\"icon-content\"><h4><a href='https:\/\/strandhotel-buckow.de\/wp-content\/uploads\/2025\/07\/Kinderkarte-Neu-28.06.25-1.pdf' title='' target='_self'>Kinderkarte<\/a><\/h4><p><p class=\"p1\">The contents are non-binding.<\/p>\n<p class=\"p1\">We reserve the right to make changes.<\/p>\n<p class=\"p1\"><a href=\"\/wp-content\/uploads\/2025\/07\/Kinderkarte-Neu-28.06.25-1.pdf\" target=\"_blank\" rel=\"noopener\">Download kids menu -&gt;<\/a><\/p><\/p><\/div><\/div><\/div><\/div><\/div><\/div><div id=\"1547629085991-7b2e0d46-5c16\" class=\"dt-sc-empty-space\"><\/div><\/div><\/div><\/div><\/div><div  data-delay=\"0\" data-vc-full-width=\"true\" data-vc-full-width-init=\"false\" data-vc-stretch-content=\"true\" class=\"vc_row wpb_row vc_row-fluid vc_row-o-equal-height vc_row-o-content-middle vc_row-flex\"><div class=\"rs_col-sm-12 wpb_column vc_column_container vc_col-sm-7 vc_col-has-fill\" data-delay=\"0\"><div class=\"vc_column-inner vc_custom_1732035308155\"><div class=\"wpb_wrapper\"><div id=\"1547629970468-c6e17654-20d3\" class=\"dt-sc-empty-space\"><\/div><div class='dt-sc-title with-image with-sub-title'><h3><\/h3><h2>The restaurant<\/h2><p><img loading=\"lazy\" decoding=\"async\" width=\"30\" height=\"32\" src=\"https:\/\/strandhotel-buckow.de\/wp-content\/uploads\/2019\/01\/title-icon-img.png\" class=\"attachment-full\" alt=\"\" title=\"title-icon-img\" \/><\/p><\/div><p style=\"text-align: left\" class=\"vc_custom_heading vc_custom_1732035098589\" >The hotel's own restaurant offers fresh, regional and varied German cuisine. Our cake and pastry display case also offers numerous homemade delicacies.<\/p><p style=\"text-align: left\" class=\"vc_custom_heading vc_custom_1732035375717\" >With over 100 seats, we offer an appropriate setting for enjoyable moments. Family celebrations, anniversaries and company parties will be an unforgettable experience for you and your guests.<\/p><p style=\"text-align: left\" class=\"vc_custom_heading vc_custom_1732035516923\" >All rooms in the restaurant are equipped with state-of-the-art air conditioning for circulating and virus-free air.<\/p><p style=\"text-align: left\" class=\"vc_custom_heading vc_custom_1732035664898\" >Open for you daily from 11:30 am.<\/p><p style=\"text-align: left\" class=\"vc_custom_heading vc_custom_1732035673317\" >We look forward to your visit!<\/p><a href='#' target='_self' title='' class='dt-sc-button   large   filled' data-delay='0' > Read more <\/a><div id=\"1547629979032-72f21a46-e3cb\" class=\"dt-sc-empty-space\"><\/div><\/div><\/div><\/div><div data-vc-parallax=\"1.5\" class=\"product-menu-carousel rs_col-sm-12 wpb_column vc_column_container vc_col-sm-5 vc_col-has-fill vc_general vc_parallax vc_parallax-content-moving\" data-delay=\"0\"><div class=\"vc_column-inner vc_custom_1738962135772\" style=\"overflow:visible;\"><div class=\"wpb_wrapper\"><\/div><\/div><\/div><\/div><div class=\"vc_row-full-width vc_clearfix\"><\/div><div  data-delay=\"0\" data-vc-full-width=\"true\" data-vc-full-width-init=\"false\" data-vc-stretch-content=\"true\" class=\"vc_row wpb_row vc_row-fluid vc_row-o-equal-height vc_row-o-content-middle vc_row-flex\"><div class=\"product-menu-carousel right rs_col-sm-12 wpb_column vc_column_container vc_col-sm-7 vc_col-has-fill\" data-delay=\"0\"><div class=\"vc_column-inner vc_custom_1738962173210\" style=\"overflow: visible;\"><div class=\"wpb_wrapper\"><\/div><\/div><\/div><div class=\"rs_col-sm-12 wpb_column vc_column_container vc_col-sm-5 vc_col-has-fill\" data-delay=\"0\"><div class=\"vc_column-inner vc_custom_1548309076743\"><div class=\"wpb_wrapper\"><div id=\"1547630119364-657e8ef4-e9a3\" class=\"dt-sc-empty-space\"><\/div><div class='dt-sc-title with-image with-sub-title'><h3><\/h3><h2>Our terraces<\/h2><p><img loading=\"lazy\" decoding=\"async\" width=\"30\" height=\"32\" src=\"https:\/\/strandhotel-buckow.de\/wp-content\/uploads\/2019\/01\/title-icon-img.png\" class=\"attachment-full\" alt=\"\" title=\"title-icon-img\" \/><\/p><\/div><p style=\"text-align: left\" class=\"vc_custom_heading vc_custom_1732035601842\" >Take a seat on our fantastic terraces. Whether after a walk, a long hike, a bike tour, a visit to the Brecht-Weigel House or a lake tour.<\/p><p style=\"text-align: left\" class=\"vc_custom_heading vc_custom_1732035590571\" >Enjoy cool drinks, delicious food or your ice cream on warm summer days in the idyllic outdoor area of the restaurant with a view of Lake Scherm\u00fctzelsee.<\/p><p style=\"text-align: left\" class=\"vc_custom_heading vc_custom_1732035642284\" >Lassen Sie den Tag hier, im idyllischen Strandhotel Buckow Resort &amp; Spa, mit Ihren Liebsten am Sommerabend ausklingen.<\/p><p style=\"text-align: left\" class=\"vc_custom_heading vc_custom_1620769847277\" >Welcome to our garden!<\/p><a href='#' target='_self' title='' class='dt-sc-button   large   filled' data-delay='0' > Read more <\/a><\/div><\/div><\/div><\/div><div class=\"vc_row-full-width vc_clearfix\"><\/div><div  data-delay=\"0\" data-vc-full-width=\"true\" data-vc-full-width-init=\"false\" data-vc-stretch-content=\"true\" class=\"vc_row wpb_row vc_row-fluid vc_row-o-equal-height vc_row-o-content-middle vc_row-flex\"><div class=\"rs_col-sm-12 wpb_column vc_column_container vc_col-sm-4 vc_col-has-fill\" data-delay=\"0\"><div class=\"vc_column-inner vc_custom_1548309101563\"><div class=\"wpb_wrapper\"><div id=\"1547630123380-d23f36bc-6a36\" class=\"dt-sc-empty-space\"><\/div><div class='dt-sc-title with-image with-sub-title'><h3><\/h3><h2>Our Caf\u00e9<\/h2><p><img loading=\"lazy\" decoding=\"async\" width=\"30\" height=\"32\" src=\"https:\/\/strandhotel-buckow.de\/wp-content\/uploads\/2019\/01\/title-icon-img.png\" class=\"attachment-full\" alt=\"\" title=\"title-icon-img\" \/><\/p><\/div><p style=\"text-align: left\" class=\"vc_custom_heading vc_custom_1620769739524\" >In our caf\u00e9 you can enjoy homemade cakes, tarts and other delicacies from the best confectioner in M\u00e4rkisch-Oderland. In addition to the most delicious coffee on the lake, we also spoil your palate with all kinds of dessert and ice cream specialties.<\/p><p style=\"text-align: left\" class=\"vc_custom_heading vc_custom_1620769760403\" >You can taste the difference!<\/p><p style=\"text-align: left\" class=\"vc_custom_heading vc_custom_1620769780066\" >Enjoy the unique ambience in our dining rooms or on the idyllic four terraces with a view of the Scherm\u00fctzelsee.<\/p><a href='#' target='_self' title='' class='dt-sc-button   large   filled' data-delay='0' > Read more <\/a><div id=\"1547630123593-96233d7b-98e5\" class=\"dt-sc-empty-space\"><\/div><\/div><\/div><\/div><div class=\"product-menu-carousel rs_col-sm-12 cafe-background wpb_column vc_column_container vc_col-sm-8 vc_col-has-fill\" data-delay=\"0\"><div class=\"vc_column-inner vc_custom_1738962190885\" style=\"background-position: right !important;\"><div class=\"wpb_wrapper\"><h2 style=\"text-align: left;font-family:Abril Fatface;font-weight:400;font-style:normal\" class=\"vc_custom_heading\" ><\/h2><\/div><\/div><\/div><\/div><div class=\"vc_row-full-width vc_clearfix\"><\/div><div  data-delay=\"0\" class=\"vc_row wpb_row vc_row-fluid\"><div class=\"wpb_column vc_column_container vc_col-sm-12\" data-delay=\"0\"><div class=\"vc_column-inner\"><div class=\"wpb_wrapper\"><div id=\"1547630289860-d69e8baa-da70\" class=\"dt-sc-empty-space\"><\/div><div class='dt-sc-title with-image with-sub-title aligncenter'><h3><\/h3><h2>Catering<\/h2><p><img loading=\"lazy\" decoding=\"async\" width=\"30\" height=\"32\" src=\"https:\/\/strandhotel-buckow.de\/wp-content\/uploads\/2019\/01\/title-icon-img.png\" class=\"attachment-full\" alt=\"\" title=\"title-icon-img\" \/><\/p><\/div><div id=\"1548151277833-92abb472-94e3\" class=\"dt-sc-empty-space\"><\/div><div class=\"vc_row wpb_row vc_inner vc_row-fluid\"><div class=\"wpb_column vc_column_container vc_col-sm-4\"><div class=\"vc_column-inner\"><div class=\"wpb_wrapper\">\n\t<div  class=\"wpb_single_image wpb_content_element vc_align_center  vc_custom_1732577509898\">\n\t\t\n\t\t<figure class=\"wpb_wrapper vc_figure\">\n\t\t\t<div class=\"vc_single_image-wrapper   vc_box_border_grey\"><img loading=\"lazy\" decoding=\"async\" width=\"300\" height=\"300\" src=\"https:\/\/strandhotel-buckow.de\/wp-content\/uploads\/2024\/11\/IMG_2970-300x300.jpg\" class=\"vc_single_image-img attachment-medium\" alt=\"\" title=\"IMG_2970\" srcset=\"https:\/\/strandhotel-buckow.de\/wp-content\/uploads\/2024\/11\/IMG_2970-300x300.jpg 300w, https:\/\/strandhotel-buckow.de\/wp-content\/uploads\/2024\/11\/IMG_2970-1024x1024.jpg 1024w, https:\/\/strandhotel-buckow.de\/wp-content\/uploads\/2024\/11\/IMG_2970-150x150.jpg 150w, https:\/\/strandhotel-buckow.de\/wp-content\/uploads\/2024\/11\/IMG_2970-768x768.jpg 768w, https:\/\/strandhotel-buckow.de\/wp-content\/uploads\/2024\/11\/IMG_2970-1536x1536.jpg 1536w, https:\/\/strandhotel-buckow.de\/wp-content\/uploads\/2024\/11\/IMG_2970-2048x2048.jpg 2048w, https:\/\/strandhotel-buckow.de\/wp-content\/uploads\/2024\/11\/IMG_2970-12x12.jpg 12w, https:\/\/strandhotel-buckow.de\/wp-content\/uploads\/2024\/11\/IMG_2970-450x450.jpg 450w, https:\/\/strandhotel-buckow.de\/wp-content\/uploads\/2024\/11\/IMG_2970-420x420.jpg 420w, https:\/\/strandhotel-buckow.de\/wp-content\/uploads\/2024\/11\/IMG_2970-750x750.jpg 750w, https:\/\/strandhotel-buckow.de\/wp-content\/uploads\/2024\/11\/IMG_2970-540x540.jpg 540w\" sizes=\"(max-width: 300px) 100vw, 300px\" \/><\/div>\n\t\t<\/figure>\n\t<\/div>\n<\/div><\/div><\/div><div class=\"wpb_column vc_column_container vc_col-sm-4\"><div class=\"vc_column-inner\"><div class=\"wpb_wrapper\">\n\t<div  class=\"wpb_single_image wpb_content_element vc_align_center  vc_custom_1732577770505\">\n\t\t\n\t\t<figure class=\"wpb_wrapper vc_figure\">\n\t\t\t<div class=\"vc_single_image-wrapper   vc_box_border_grey\"><img loading=\"lazy\" decoding=\"async\" width=\"300\" height=\"300\" src=\"https:\/\/strandhotel-buckow.de\/wp-content\/uploads\/2024\/11\/9166E6F1-9536-483B-A04C-D4758B0D867E-300x300.jpg\" class=\"vc_single_image-img attachment-medium\" alt=\"\" title=\"9166E6F1-9536-483B-A04C-D4758B0D867E\" srcset=\"https:\/\/strandhotel-buckow.de\/wp-content\/uploads\/2024\/11\/9166E6F1-9536-483B-A04C-D4758B0D867E-300x300.jpg 300w, https:\/\/strandhotel-buckow.de\/wp-content\/uploads\/2024\/11\/9166E6F1-9536-483B-A04C-D4758B0D867E-1024x1024.jpg 1024w, https:\/\/strandhotel-buckow.de\/wp-content\/uploads\/2024\/11\/9166E6F1-9536-483B-A04C-D4758B0D867E-150x150.jpg 150w, https:\/\/strandhotel-buckow.de\/wp-content\/uploads\/2024\/11\/9166E6F1-9536-483B-A04C-D4758B0D867E-768x768.jpg 768w, https:\/\/strandhotel-buckow.de\/wp-content\/uploads\/2024\/11\/9166E6F1-9536-483B-A04C-D4758B0D867E-1536x1536.jpg 1536w, https:\/\/strandhotel-buckow.de\/wp-content\/uploads\/2024\/11\/9166E6F1-9536-483B-A04C-D4758B0D867E-2048x2048.jpg 2048w, https:\/\/strandhotel-buckow.de\/wp-content\/uploads\/2024\/11\/9166E6F1-9536-483B-A04C-D4758B0D867E-12x12.jpg 12w, https:\/\/strandhotel-buckow.de\/wp-content\/uploads\/2024\/11\/9166E6F1-9536-483B-A04C-D4758B0D867E-450x450.jpg 450w, https:\/\/strandhotel-buckow.de\/wp-content\/uploads\/2024\/11\/9166E6F1-9536-483B-A04C-D4758B0D867E-420x420.jpg 420w, https:\/\/strandhotel-buckow.de\/wp-content\/uploads\/2024\/11\/9166E6F1-9536-483B-A04C-D4758B0D867E-750x750.jpg 750w, https:\/\/strandhotel-buckow.de\/wp-content\/uploads\/2024\/11\/9166E6F1-9536-483B-A04C-D4758B0D867E-540x540.jpg 540w\" sizes=\"(max-width: 300px) 100vw, 300px\" \/><\/div>\n\t\t<\/figure>\n\t<\/div>\n<\/div><\/div><\/div><div class=\"wpb_column vc_column_container vc_col-sm-4\"><div class=\"vc_column-inner\"><div class=\"wpb_wrapper\">\n\t<div  class=\"wpb_single_image wpb_content_element vc_align_center  vc_custom_1732577427936\">\n\t\t\n\t\t<figure class=\"wpb_wrapper vc_figure\">\n\t\t\t<div class=\"vc_single_image-wrapper   vc_box_border_grey\"><img loading=\"lazy\" decoding=\"async\" width=\"300\" height=\"300\" src=\"https:\/\/strandhotel-buckow.de\/wp-content\/uploads\/2024\/11\/1CDBFDFD-6CC6-4AD2-9E64-F90AEC21E004-300x300.jpg\" class=\"vc_single_image-img attachment-medium\" alt=\"\" title=\"1CDBFDFD-6CC6-4AD2-9E64-F90AEC21E004\" srcset=\"https:\/\/strandhotel-buckow.de\/wp-content\/uploads\/2024\/11\/1CDBFDFD-6CC6-4AD2-9E64-F90AEC21E004-300x300.jpg 300w, https:\/\/strandhotel-buckow.de\/wp-content\/uploads\/2024\/11\/1CDBFDFD-6CC6-4AD2-9E64-F90AEC21E004-150x150.jpg 150w, https:\/\/strandhotel-buckow.de\/wp-content\/uploads\/2024\/11\/1CDBFDFD-6CC6-4AD2-9E64-F90AEC21E004-12x12.jpg 12w, https:\/\/strandhotel-buckow.de\/wp-content\/uploads\/2024\/11\/1CDBFDFD-6CC6-4AD2-9E64-F90AEC21E004-450x450.jpg 450w, https:\/\/strandhotel-buckow.de\/wp-content\/uploads\/2024\/11\/1CDBFDFD-6CC6-4AD2-9E64-F90AEC21E004-420x420.jpg 420w, https:\/\/strandhotel-buckow.de\/wp-content\/uploads\/2024\/11\/1CDBFDFD-6CC6-4AD2-9E64-F90AEC21E004-540x540.jpg 540w, https:\/\/strandhotel-buckow.de\/wp-content\/uploads\/2024\/11\/1CDBFDFD-6CC6-4AD2-9E64-F90AEC21E004.jpg 720w\" sizes=\"(max-width: 300px) 100vw, 300px\" \/><\/div>\n\t\t<\/figure>\n\t<\/div>\n<\/div><\/div><\/div><\/div><div id=\"1547630300364-9d398347-b7a9\" class=\"dt-sc-empty-space\"><\/div><\/div><\/div><\/div><\/div><div  data-delay=\"0\" data-vc-full-width=\"true\" data-vc-full-width-init=\"false\" class=\"vc_row wpb_row vc_row-fluid\"><div class=\"wpb_column vc_column_container vc_col-sm-12 vc_hidden-lg vc_hidden-md vc_hidden-sm vc_hidden-xs\" data-delay=\"0\"><div class=\"vc_column-inner\"><div class=\"wpb_wrapper\"><div id=\"1547629280556-f478420d-8f9a\" class=\"dt-sc-empty-space\"><\/div><div class=\"vc_row wpb_row vc_inner vc_row-fluid vc_custom_1547627805409\"><div class=\"wpb_column vc_column_container vc_col-sm-1\"><div class=\"vc_column-inner\"><div class=\"wpb_wrapper\"><\/div><\/div><\/div><div class=\"dt-sc-dark-bg wpb_column vc_column_container vc_col-sm-10 vc_col-has-fill\"><div class=\"vc_column-inner vc_custom_1549007013065\"><div class=\"wpb_wrapper\"><h3 style=\"text-align: center\" class=\"vc_custom_heading\" >Tischreservierung<\/h3><div id=\"1547628204691-b3c452b8-9a3a\" class=\"dt-sc-empty-space\"><\/div>\n<div class=\"wpcf7 no-js\" id=\"wpcf7-f585-o1\" lang=\"en-US\" dir=\"ltr\" data-wpcf7-id=\"585\">\n<div class=\"screen-reader-response\"><p role=\"status\" aria-live=\"polite\" aria-atomic=\"true\"><\/p> <ul><\/ul><\/div>\n<form action=\"\/en\/wp-json\/wp\/v2\/pages\/572#wpcf7-f585-o1\" method=\"post\" class=\"wpcf7-form init request-form\" aria-label=\"Contact form\" novalidate=\"novalidate\" data-status=\"init\" data-trp-original-action=\"\/en\/wp-json\/wp\/v2\/pages\/572#wpcf7-f585-o1\">\n<div style=\"display: none;\">\n<input type=\"hidden\" name=\"_wpcf7\" value=\"585\" \/>\n<input type=\"hidden\" name=\"_wpcf7_version\" value=\"6.0.5\" \/>\n<input type=\"hidden\" name=\"_wpcf7_locale\" value=\"en_US\" \/>\n<input type=\"hidden\" name=\"_wpcf7_unit_tag\" value=\"wpcf7-f585-o1\" \/>\n<input type=\"hidden\" name=\"_wpcf7_container_post\" value=\"0\" \/>\n<input type=\"hidden\" name=\"_wpcf7_posted_data_hash\" value=\"\" \/>\n<\/div>\n<div class=\"column dt-sc-one-half first\">\n\t<p><span class=\"wpcf7-form-control-wrap\" data-name=\"YourName\"><input size=\"40\" maxlength=\"400\" class=\"wpcf7-form-control wpcf7-text wpcf7-validates-as-required\" aria-required=\"true\" aria-invalid=\"false\" placeholder=\"Your Name*\" value=\"\" type=\"text\" name=\"YourName\" \/><\/span>\n\t<\/p>\n<\/div>\n<div class=\"column dt-sc-one-half\">\n\t<p><span class=\"wpcf7-form-control-wrap\" data-name=\"PhoneNumber\"><input size=\"40\" maxlength=\"400\" class=\"wpcf7-form-control wpcf7-tel wpcf7-validates-as-required wpcf7-text wpcf7-validates-as-tel\" aria-required=\"true\" aria-invalid=\"false\" placeholder=\"Phone Number*\" value=\"\" type=\"tel\" name=\"PhoneNumber\" \/><\/span>\n\t<\/p>\n<\/div>\n<div class=\"dt-sc-hr-invisible-small\">\n<\/div>\n<div class=\"column dt-sc-one-half first\">\n\t<p><span class=\"wpcf7-form-control-wrap\" data-name=\"SelectMembers\"><select class=\"wpcf7-form-control wpcf7-select\" aria-invalid=\"false\" name=\"SelectMembers\"><option value=\"Select Members\">Select Members<\/option><option value=\"1\">1<\/option><option value=\"2\">2<\/option><option value=\"3\">3<\/option><option value=\"4\">4<\/option><option value=\"5\">5<\/option><option value=\"6\">6<\/option><option value=\"7\">7<\/option><option value=\"8\">8<\/option><option value=\"9\">9<\/option><option value=\"10\">10<\/option><\/select><\/span>\n\t<\/p>\n<\/div>\n<div class=\"column dt-sc-one-half\">\n\t<p><span class=\"wpcf7-form-control-wrap\" data-name=\"SelectTiming\"><input class=\"wpcf7-form-control wpcf7-date wpcf7-validates-as-date\" min=\"2019-01-16\" max=\"2020-06-18\" aria-invalid=\"false\" value=\"\" type=\"date\" name=\"SelectTiming\" \/><\/span>\n\t<\/p>\n<\/div>\n<div class=\"dt-sc-hr-invisible-xsmall\">\n<\/div>\n<p class=\"aligncenter\"><input class=\"wpcf7-form-control wpcf7-submit has-spinner\" type=\"submit\" value=\"Book Now\" \/>\n<\/p><div class=\"wpcf7-response-output\" aria-hidden=\"true\"><\/div>\n<input type=\"hidden\" name=\"trp-form-language\" value=\"en\"\/><\/form>\n<\/div>\n<\/div><\/div><\/div><div class=\"wpb_column vc_column_container vc_col-sm-1\"><div class=\"vc_column-inner\"><div class=\"wpb_wrapper\"><\/div><\/div><\/div><\/div><div id=\"1547629097636-f8403ba4-4c90\" class=\"dt-sc-empty-space\"><\/div><\/div><\/div><\/div><\/div><div class=\"vc_row-full-width vc_clearfix\"><\/div><!-- Row Backgrounds --><div class=\"upb_bg_img\" data-ultimate-bg=\"url(https:\/\/strandhotel-buckow.de\/wp-content\/uploads\/2019\/02\/dining-parallax.jpg)\" data-image-id=\"id^17030|url^https:\/\/dev.strandhotel-buckow.de\/wp-content\/uploads\/2019\/02\/dining-parallax.jpg|caption^null|alt^null|title^dining-parallax|description^null\" data-ultimate-bg-style=\"vcpb-vz-jquery\" data-bg-img-repeat=\"repeat\" data-bg-img-size=\"initial\" data-bg-img-position=\"\" data-parallx_sense=\"30\" data-bg-override=\"0\" data-bg_img_attach=\"scroll\" data-upb-overlay-color=\"\" data-upb-bg-animation=\"\" data-fadeout=\"\" data-bg-animation=\"left-animation\" data-bg-animation-type=\"h\" data-animation-repeat=\"repeat\" data-fadeout-percentage=\"30\" data-parallax-content=\"\" data-parallax-content-sense=\"30\" data-row-effect-mobile-disable=\"true\" data-img-parallax-mobile-disable=\"true\" data-rtl=\"false\"  data-custom-vc-row=\"\"  data-vc=\"7.3\"  data-is_old_vc=\"\"  data-theme-support=\"\"   data-overlay=\"false\" data-overlay-color=\"\" data-overlay-pattern=\"\" data-overlay-pattern-opacity=\"\" data-overlay-pattern-size=\"\"    ><\/div>\n<\/div>","protected":false},"excerpt":{"rendered":"InfomaterialSpeisekarte Sommer 2026Die Inhalte sind unverbindlich, \u00c4nderungen sind vorbehalten. Download Speisekarte -&gt;SpargelkarteDie Inhalte sind unverbindlich, \u00c4nderungen sind vorbehalten. Download Spargelkarte -&gt;Getr\u00e4nkekarteDie Inhalte sind unverbindlich, \u00c4nderungen sind vorbehalten. Download Getr\u00e4nkekarte -&gt; KinderkarteDie Inhalte sind unverbindlich, \u00c4nderungen sind vorbehalten. Download Kinderkarte -&gt;Das RestaurantDas hoteleigene Restaurant \u00fcberzeugt mit frischer, regionaler und abwechslungsreicher deutscher K\u00fcche. Zudem bietet auch unsere [...]","protected":false},"author":1,"featured_media":0,"parent":0,"menu_order":0,"comment_status":"closed","ping_status":"closed","template":"","meta":{"footnotes":""},"class_list":["post-572","page","type-page","status-publish","hentry"],"_links":{"self":[{"href":"https:\/\/strandhotel-buckow.de\/en\/wp-json\/wp\/v2\/pages\/572"}],"collection":[{"href":"https:\/\/strandhotel-buckow.de\/en\/wp-json\/wp\/v2\/pages"}],"about":[{"href":"https:\/\/strandhotel-buckow.de\/en\/wp-json\/wp\/v2\/types\/page"}],"author":[{"embeddable":true,"href":"https:\/\/strandhotel-buckow.de\/en\/wp-json\/wp\/v2\/users\/1"}],"replies":[{"embeddable":true,"href":"https:\/\/strandhotel-buckow.de\/en\/wp-json\/wp\/v2\/comments?post=572"}],"version-history":[{"count":63,"href":"https:\/\/strandhotel-buckow.de\/en\/wp-json\/wp\/v2\/pages\/572\/revisions"}],"predecessor-version":[{"id":18953,"href":"https:\/\/strandhotel-buckow.de\/en\/wp-json\/wp\/v2\/pages\/572\/revisions\/18953"}],"wp:attachment":[{"href":"https:\/\/strandhotel-buckow.de\/en\/wp-json\/wp\/v2\/media?parent=572"}],"curies":[{"name":"wp","href":"https:\/\/api.w.org\/{rel}","templated":true}]}}